{"id":14,"date":"2022-03-02T12:01:05","date_gmt":"2022-03-02T03:01:05","guid":{"rendered":"https:\/\/hardestchoice.org\/?page_id=14"},"modified":"2024-06-05T13:21:07","modified_gmt":"2024-06-05T04:21:07","slug":"aboutus","status":"publish","type":"page","link":"https:\/\/hardestchoice.org\/tr\/aboutus\/","title":{"rendered":"HAKKINDA"},"content":{"rendered":"<div class=\"wp-block-group alignfull is-layout-constrained wp-block-group-is-layout-constrained\">\n<h2 class=\"wp-block-heading\">\u300aNihai Se\u00e7im\u300b \u00c7al\u0131\u015fma Grubu<\/h2>\n\n\n\n<p class=\"wp-block-paragraph\">Bu, Kyoto \u00dcniversitesi Disiplinleraras\u0131 E\u011fitim Merkezi \u201cNihai Se\u00e7im\u201d Ara\u015ft\u0131rma Grubunun (eski ad\u0131yla Kyoto \u00dcniversitesi \u201cNihai Se\u00e7im\u201d Ara\u015ft\u0131rma I\u015f\u0131k Birimi) ana sayfas\u0131d\u0131r.<\/p>\n\n\n\n<p class=\"wp-block-paragraph\">Ara\u015ft\u0131rmam\u0131z\u0131n hi\u00e7bir umudu, hayali ya da Nobel \u00d6d\u00fcl\u00fc yok. \u00dcstelik bu t\u00fcr zalimce \u015feyleri dikkate alman\u0131n gerekli oldu\u011funu d\u00fc\u015f\u00fcnebilirsiniz. Bunun nedeni, \u201cNihai Se\u00e7im\u201d ara\u015ft\u0131rmas\u0131n\u0131n neyin ve kimin feda edilmesi gerekti\u011fini dikkate almas\u0131d\u0131r.<\/p>\n\n\n\n<p class=\"wp-block-paragraph\">Ama gerekli bir \u00e7al\u0131\u015fma. \u00c7\u00fcnk\u00fc \u201cnihai se\u00e7im\u201de cevap haz\u0131rlamazsan\u0131z daha k\u00f6t\u00fc bir durum ortaya \u00e7\u0131kacakt\u0131r.<\/p>\n\n\n\n<p class=\"wp-block-paragraph\">\u00d6rne\u011fin, &quot;\u00d6l\u00fcmc\u00fcl bir salg\u0131n durumunda a\u015f\u0131 s\u0131k\u0131nt\u0131s\u0131 oldu\u011funda a\u015f\u0131lama i\u00e7in kime \u00f6ncelik verilmeli?&quot; ve &quot;\u0130nsanlar\u0131 b\u00fcy\u00fck \u00f6l\u00e7ekli bir felaketten kurtar\u0131rken kurtarma konusunda kime \u00f6ncelik verilmeli?&quot; Fedakarl\u0131k se\u00e7imi bu \u00f6yle hemen cevaplanabilecek bir \u015fey de\u011fil.<\/p>\n\n\n\n<p class=\"wp-block-paragraph\">Bu fedakarl\u0131k sorusunu cevaplamazsak, b\u00fcy\u00fck olas\u0131l\u0131kla kendimizi ilk gelene, ilk hizmete sahip olana, g\u00fc\u00e7l\u00fc ve zenginlere \u00f6ncelik veren veya se\u00e7im yapmaktan ka\u00e7\u0131n\u0131p herkesin feda edildi\u011fi bir durumla kar\u015f\u0131 kar\u015f\u0131ya bulaca\u011f\u0131z. insanlar istemiyor.<\/p>\n\n\n\n<p class=\"wp-block-paragraph\">Biz bak\u0131\u015flar\u0131m\u0131z\u0131 ba\u015fka tarafa \u00e7evirsek bile, korkun\u00e7 sonu\u00e7 de\u011fi\u015fmeyecek.<\/p>\n\n\n\n<p class=\"wp-block-paragraph\">Baz\u0131 insanlar \u00f6rne\u011fin bu soruyla ba\u011flant\u0131l\u0131 olarak triyaj\u0131 da d\u00fc\u015f\u00fcnebilir. Ancak B\u00fcy\u00fck Do\u011fu Japonya Depremi s\u0131ras\u0131nda meydana gelen acil durum, triyaj\u0131n &quot;en y\u00fcksek \u00f6ncelikli tedavi&quot; olarak etiketlenmesine ra\u011fmen vaka say\u0131s\u0131n\u0131n \u00e7ok fazla olmas\u0131 ve daha fazla se\u00e7im yap\u0131lmas\u0131n\u0131n gerekli olmas\u0131d\u0131r. Bir felaketin veya sorunun boyutu ne kadar b\u00fcy\u00fck olursa, geleneksel mekanizmalar\u0131 kullanarak m\u00fcdahale etmek de o kadar zorla\u015f\u0131r ve \u201cnihai se\u00e7im\u201d her yerde ortaya \u00e7\u0131kar.<\/p>\n\n\n\n<p class=\"wp-block-paragraph\">B\u00f6yle bir &quot;nihai se\u00e7imin&quot; ortaya \u00e7\u0131kmas\u0131na haz\u0131rl\u0131k olarak, m\u00fcmk\u00fcn oldu\u011fu kadar \u00e7ok insan i\u00e7in kabul edilebilir yan\u0131tlar olu\u015fturmak amac\u0131yla insanlar\u0131n tart\u0131\u015fmaya ve se\u00e7imler yapmaya zaman ay\u0131rmas\u0131na olanak tan\u0131yan bir sisteme ihtiyac\u0131m\u0131z oldu\u011funa inan\u0131yorum.<\/p>\n\n\n\n<p class=\"wp-block-paragraph\">Bu nedenle \u201cNihai Se\u00e7im\u201d ba\u015fl\u0131\u011f\u0131 alt\u0131nda, ekstrem durumlardaki se\u00e7im problemini ara\u015ft\u0131r\u0131yor ve daha iyi \u00e7\u00f6z\u00fcmler ar\u0131yoruz.<\/p>\n\n\n\n<p class=\"wp-block-paragraph\">Nihai se\u00e7imi birlikte d\u00fc\u015f\u00fcnmek ister misiniz?<\/p>\n\n\n\n<p class=\"wp-block-paragraph\">(Gelecekte se\u00e7menlerin \u00f6nerilerini kabul ederek, m\u00fczakere i\u00e7in bir forum sa\u011flayarak, \u00e7e\u015fitli dillerde versiyonlar haz\u0131rlayarak k\u00fcresel karar almay\u0131 destekleyen bir sistemi hedeflemek isterim, ancak bu hen\u00fcz \u00e7ok uzakta.)<\/p>\n\n\n\n<figure class=\"wp-block-image size-full\"><a href=\"https:\/\/i0.wp.com\/hardestchoice.org\/wp-content\/uploads\/2022\/04\/figure-hardestchoice.png?ssl=1\"><img loading=\"lazy\" decoding=\"async\" width=\"1280\" height=\"957\" data-attachment-id=\"79\" data-permalink=\"https:\/\/hardestchoice.org\/tr\/aboutus\/figure-hardestchoice\/\" data-orig-file=\"https:\/\/i0.wp.com\/hardestchoice.org\/wp-content\/uploads\/2022\/04\/figure-hardestchoice.png?fit=1280%2C957&amp;ssl=1\" data-orig-size=\"1280,957\" data-comments-opened=\"0\" data-image-meta=\"{&quot;aperture&quot;:&quot;0&quot;,&quot;credit&quot;:&quot;&quot;,&quot;camera&quot;:&quot;&quot;,&quot;caption&quot;:&quot;&quot;,&quot;created_timestamp&quot;:&quot;0&quot;,&quot;copyright&quot;:&quot;&quot;,&quot;focal_length&quot;:&quot;0&quot;,&quot;iso&quot;:&quot;0&quot;,&quot;shutter_speed&quot;:&quot;0&quot;,&quot;title&quot;:&quot;&quot;,&quot;orientation&quot;:&quot;0&quot;}\" data-image-title=\"figure-hardestchoice\" data-image-description=\"\" data-image-caption=\"\" data-large-file=\"https:\/\/i0.wp.com\/hardestchoice.org\/wp-content\/uploads\/2022\/04\/figure-hardestchoice.png?fit=1024%2C766&amp;ssl=1\" src=\"https:\/\/i0.wp.com\/hardestchoice.org\/wp-content\/uploads\/2022\/04\/figure-hardestchoice.png?fit=1280%2C957&amp;ssl=1\" alt=\"\" class=\"wp-image-79\" srcset=\"https:\/\/i0.wp.com\/hardestchoice.org\/wp-content\/uploads\/2022\/04\/figure-hardestchoice.png?w=1280&amp;ssl=1 1280w, https:\/\/i0.wp.com\/hardestchoice.org\/wp-content\/uploads\/2022\/04\/figure-hardestchoice.png?resize=300%2C224&amp;ssl=1 300w, https:\/\/i0.wp.com\/hardestchoice.org\/wp-content\/uploads\/2022\/04\/figure-hardestchoice.png?resize=1024%2C766&amp;ssl=1 1024w, https:\/\/i0.wp.com\/hardestchoice.org\/wp-content\/uploads\/2022\/04\/figure-hardestchoice.png?resize=768%2C574&amp;ssl=1 768w, https:\/\/i0.wp.com\/hardestchoice.org\/wp-content\/uploads\/2022\/04\/figure-hardestchoice.png?resize=16%2C12&amp;ssl=1 16w, https:\/\/i0.wp.com\/hardestchoice.org\/wp-content\/uploads\/2022\/04\/figure-hardestchoice.png?resize=400%2C300&amp;ssl=1 400w, https:\/\/i0.wp.com\/hardestchoice.org\/wp-content\/uploads\/2022\/04\/figure-hardestchoice.png?resize=200%2C150&amp;ssl=1 200w, https:\/\/i0.wp.com\/hardestchoice.org\/wp-content\/uploads\/2022\/04\/figure-hardestchoice.png?resize=1200%2C897&amp;ssl=1 1200w\" sizes=\"auto, (max-width: 1000px) 100vw, 1000px\" \/><\/a><\/figure>\n<\/div>\n\n\n\n<hr class=\"wp-block-separator has-alpha-channel-opacity is-style-wide\"\/>\n\n\n\n<h2 class=\"wp-block-heading\">Ara\u015ft\u0131rma \u00f6dene\u011fi<\/h2>\n\n\n\n<p class=\"wp-block-paragraph\">&quot;<em>AI&#039;n\u0131n sosyal kararlar almas\u0131 i\u00e7in gerekenler<\/em>- iyi kalite<em>veri seti<\/em>ve arzu edilir<em>\u00c7\u0131kt\u0131<\/em>ara\u015ft\u0131rma\u201d (sorun numaras\u0131<a href=\"https:\/\/toyotafound.secure.force.com\/psearch\/JoseiDetail?name=D19-ST-0019\">D19-ST-0019<\/a>, Temsilci: Hirotsugu Oba) (Toyota Vakf\u0131 2019 \u00d6zel Temas\u0131 \u201c\u0130leri teknolojiyle birlikte yarat\u0131lan yeni bir insan toplumu\u201d)<\/p>\n\n\n\n<p class=\"wp-block-paragraph\"><a href=\"https:\/\/toyotafound.secure.force.com\/psearch\/JoseiDetail?name=D19-ST-0019\">https:\/\/toyotafound.secure.force.com\/psearch\/JoseiDetail?name=D19-ST-0019<\/a><\/p>\n\n\n\n<hr class=\"wp-block-separator has-alpha-channel-opacity is-style-wide\"\/>\n\n\n\n<h2 class=\"wp-block-heading\">ara\u015ft\u0131rma \u00fcyeleri<\/h2>\n\n\n\n<p class=\"wp-block-paragraph\"><\/p>\n\n\n\n<p class=\"wp-block-paragraph\"><strong>Yuko Kagai<\/strong><br>Tokyo \u00dcniversitesi, Kavli Evrenin Fizi\u011fi ve Matemati\u011fi Enstit\u00fcs\u00fc, \u00d6zel Olarak Atanm\u0131\u015f Ara\u015ft\u0131rmac\u0131, bilim ileti\u015fimi teorisi bilgisinin uygulanmas\u0131<\/p>\n\n\n\n<p class=\"wp-block-paragraph\"><strong>Makoto Ozono<\/strong><br>Doshisha \u00dcniversitesi, Be\u015feri Bilimler Enstit\u00fcs\u00fc, S\u00f6zle\u015fmeli Ara\u015ft\u0131rmac\u0131, Siyaset bilimi bilgisinin uygulanmas\u0131<\/p>\n\n\n\n<p class=\"wp-block-paragraph\"><strong><a href=\"https:\/\/researchmap.jp\/overhiro\/\" data-type=\"URL\" data-id=\"https:\/\/researchmap.jp\/overhiro\/\" target=\"_blank\" rel=\"noreferrer noopener\">Hirotsugu Ohba<\/a><\/strong><br>Rikkyo \u00dcniversitesi, Yapay Zeka Bilimi Enstit\u00fcs\u00fc, \u00d6zel Olarak Atanm\u0131\u015f Profes\u00f6r, Temsilci, Genel Sorumlu<\/p>\n\n\n\n<p class=\"wp-block-paragraph\"><strong>Shinpei Okamoto<\/strong><br>Hiro\u015fima \u00dcniversitesi, Edebiyat Enstit\u00fcs\u00fc, Yard\u0131mc\u0131 Do\u00e7ent, Bilginin uygulamal\u0131 felsefede uygulanmas\u0131<\/p>\n\n\n\n<p class=\"wp-block-paragraph\"><strong>Masa\u015fi Kasagi<\/strong><br>\u00d6zel Olarak Atanm\u0131\u015f Do\u00e7ent, Nagoya \u00dcniversitesi Liberal Sanatlar Fak\u00fcltesi, Deneysel Felsefeden Bilginin Uygulanmas\u0131<\/p>\n\n\n\n<p class=\"wp-block-paragraph\"><strong>Noiru Kikuchi<\/strong><br>Ulusal Politika \u00c7al\u0131\u015fmalar\u0131 Y\u00fcksek Lisans Enstit\u00fcs\u00fc\/Bilim ve Teknoloji \u0130novasyon Politikas\u0131 Ara\u015ft\u0131rma Merkezi\/Uzmanlar, Bilim \u0130leti\u015fim Teorisinde Bilginin Uygulanmas\u0131<\/p>\n\n\n\n<p class=\"wp-block-paragraph\"><strong>Harushi Tamazawa<\/strong><br>Kyoto \u00dcniversitesi, Edebiyat Enstit\u00fcs\u00fc, Ara\u015ft\u0131rmac\u0131, Temsilci Yard\u0131mc\u0131s\u0131, Uzay Bilimi Bilgisinin Uygulanmas\u0131<\/p>\n\n\n\n<p class=\"wp-block-paragraph\"><strong>Satoshi Kawamura<\/strong><br>Kyoto \u00dcniversitesi, Bilim Enstit\u00fcs\u00fc Astronomi G\u00f6zlemevi, Doktora Program\u0131, Uzay Bilimi Bilgisinin Uygulanmas\u0131<\/p>\n\n\n\n<p class=\"wp-block-paragraph\"><strong>Shiro Komatsu<\/strong><br>Yamanashi \u00dcniversitesi, Ya\u015fam ve \u00c7evre Bilimleri Fak\u00fcltesi, Do\u00e7ent, ya\u015fam bilimleri ve siyaset biliminden bilgilerin uygulanmas\u0131<\/p>\n\n\n\n<p class=\"wp-block-paragraph\"><strong>Keiko Sato<\/strong><br>Kyoto \u00dcniversitesi, T\u0131p Fak\u00fcltesi Hastanesi, T\u0131bbi G\u00fcvenlik Y\u00f6netimi B\u00f6l\u00fcm\u00fc, \u00d6zel Olarak Atanm\u0131\u015f Do\u00e7ent, Ya\u015fam Bilimleri Bilgisinin Uygulanmas\u0131<\/p>\n\n\n\n<p class=\"wp-block-paragraph\"><strong>Mika Suzuki<\/strong><br>Kyoto \u00dcniversitesi, iPS H\u00fccre Ara\u015ft\u0131rma Enstit\u00fcs\u00fc, Uehiro Etik Ara\u015ft\u0131rma B\u00f6l\u00fcm\u00fc, \u00d6zel Ara\u015ft\u0131rmac\u0131, Biyoetik bilgisinin uygulanmas\u0131<\/p>\n\n\n\n<p class=\"wp-block-paragraph\"><strong>Yuki Takagi<\/strong><br>Kyoto \u00dcniversitesi, Edebiyat Enstit\u00fcs\u00fc, Doktora Program\u0131, Uygulamal\u0131 Etikte Bilginin Uygulanmas\u0131<\/p>\n\n\n\n<p class=\"wp-block-paragraph\"><strong>Masatsugu Chichiiwa<\/strong><br>Kitakyushu \u015eehir \u00dcniversitesi, Yabanc\u0131 \u00c7al\u0131\u015fmalar Fak\u00fcltesi, yar\u0131 zamanl\u0131 \u00f6\u011fretim g\u00f6revlisi, siyaset bilimi bilgilerinin uygulanmas\u0131<\/p>\n\n\n\n<p class=\"wp-block-paragraph\"><strong><a href=\"https:\/\/researchmap.jp\/Nagafumi_Nakamura\/?lang=japanese\" target=\"_blank\" rel=\"noreferrer noopener\">Nagafumi Nakamura<\/a><\/strong><br>Proje Yard\u0131mc\u0131 Do\u00e7ent, Liberal Sanatlar E\u011fitimini Geli\u015ftirme Organizasyonu, Fen-Edebiyat Fak\u00fcltesi, Tokyo \u00dcniversitesi, Siyaset bilimi bilgisinin uygulanmas\u0131<\/p>\n\n\n\n<p class=\"wp-block-paragraph\"><strong>Kojiro Honda<\/strong><br>Kanazawa T\u0131p \u00dcniversitesi, \u0130nsan Bilimleri B\u00f6l\u00fcm\u00fc, Do\u00e7ent, Uygulamal\u0131 Felsefeden Bilginin Uygulanmas\u0131<\/p>\n\n\n\n<p class=\"wp-block-paragraph\"><strong>Koki Miyano<\/strong><br>Do\u00e7ent, Disiplinleraras\u0131 E\u011fitim ve Ara\u015ft\u0131rmay\u0131 Destekleme Merkezi, Kyoto \u00dcniversitesi, Disiplinleraras\u0131 entegrasyondan elde edilen bilginin uygulanmas\u0131<\/p>\n\n\n\n<p class=\"wp-block-paragraph\"><strong>Masahiro Morioka<\/strong><br>Waseda \u00dcniversitesi, \u0130nsan Bilimleri Fak\u00fcltesi, Profes\u00f6r, Uygulamal\u0131 Felsefeden Bilginin Uygulanmas\u0131<\/p>","protected":false},"excerpt":{"rendered":"<p>\u300a\u7a76\u6975\u306e\u9078\u629e\u300b\u7814\u7a76\u4f1a \u4eac\u90fd\u5927\u5b66 \u5b66\u969b\u878d\u5408\u6559\u80b2\u30bb\u30f3\u30bf\u30fc\u300a\u7a76\u6975\u306e\u9078\u629e\u300b\u7814\u7a76\u4f1a\uff08\u65e7 \u4eac\u90fd\u5927\u5b66\u300a\u7a76\u6975\u306e\u9078\u629e\u300b\u7814\u7a76\u30e9\u30a4\u30c8 [&hellip;]<\/p>\n","protected":false},"author":131104234,"featured_media":0,"parent":0,"menu_order":0,"comment_status":"closed","ping_status":"closed","template":"","meta":{"_crdt_document":"","advanced_seo_description":"","jetpack_seo_html_title":"","jetpack_seo_noindex":false,"footnotes":""},"class_list":["post-14","page","type-page","status-publish","hentry"],"jetpack_likes_enabled":true,"jetpack_sharing_enabled":true,"jetpack_shortlink":"https:\/\/wp.me\/PdK9kd-e","jetpack-related-posts":[],"amp_enabled":true,"_links":{"self":[{"href":"https:\/\/hardestchoice.org\/tr\/wp-json\/wp\/v2\/pages\/14","targetHints":{"allow":["GET"]}}],"collection":[{"href":"https:\/\/hardestchoice.org\/tr\/wp-json\/wp\/v2\/pages"}],"about":[{"href":"https:\/\/hardestchoice.org\/tr\/wp-json\/wp\/v2\/types\/page"}],"author":[{"embeddable":true,"href":"https:\/\/hardestchoice.org\/tr\/wp-json\/wp\/v2\/users\/131104234"}],"replies":[{"embeddable":true,"href":"https:\/\/hardestchoice.org\/tr\/wp-json\/wp\/v2\/comments?post=14"}],"version-history":[{"count":36,"href":"https:\/\/hardestchoice.org\/tr\/wp-json\/wp\/v2\/pages\/14\/revisions"}],"predecessor-version":[{"id":2469,"href":"https:\/\/hardestchoice.org\/tr\/wp-json\/wp\/v2\/pages\/14\/revisions\/2469"}],"wp:attachment":[{"href":"https:\/\/hardestchoice.org\/tr\/wp-json\/wp\/v2\/media?parent=14"}],"curies":[{"name":"wp","href":"https:\/\/api.w.org\/{rel}","templated":true}]}}