{"id":24,"date":"2022-03-02T12:14:30","date_gmt":"2022-03-02T03:14:30","guid":{"rendered":"https:\/\/hardestchoice.org\/?page_id=24"},"modified":"2022-05-24T23:50:30","modified_gmt":"2022-05-24T14:50:30","slug":"research","status":"publish","type":"page","link":"https:\/\/hardestchoice.org\/tr\/research\/","title":{"rendered":"ARA\u015eTIRMA"},"content":{"rendered":"<div class=\"wp-block-group is-layout-constrained wp-block-group-is-layout-constrained\">\n<p class=\"wp-block-paragraph\">\u015eu anda ara\u015ft\u0131rd\u0131\u011f\u0131m\u0131z temalar\u0131 ve fikirleri, i\u015fe al\u0131m yapt\u0131\u011f\u0131m\u0131z anketleri, ge\u00e7mi\u015f etkinliklerde yay\u0131nlanan posterleri vb. g\u00f6rebilirsiniz.<\/p>\n\n\n\n<p class=\"has-small-font-size wp-block-paragraph\">*Sa\u011flad\u0131\u011f\u0131n\u0131z se\u00e7imler ve g\u00f6r\u00fc\u015fler, Kyoto \u00dcniversitesi `` Nihai Se\u00e7im &#039;&#039; Ara\u015ft\u0131rma Grubu taraf\u0131ndan yaln\u0131zca ara\u015ft\u0131rma amac\u0131yla analiz edilecek ve toplanacak ve akademik konferanslarda, akademik makalelerde ve bu web sitesinde kullan\u0131lacakt\u0131r. \u015eah\u0131slar\u0131n kimli\u011fi belirlenmeyecek.<\/p>\n\n\n\n<div style=\"height:40px\" aria-hidden=\"true\" class=\"wp-block-spacer\"><\/div>\n\n\n\n<div class=\"wp-block-query is-style-quadrat-diamond-posts is-layout-constrained wp-block-query-is-layout-constrained\"><ul class=\"wp-block-post-template is-layout-flow wp-block-post-template-is-layout-flow\"><li class=\"wp-block-post post-6683 post type-post status-publish format-standard hentry category-1982\">\n\n<div class=\"wp-block-columns is-layout-flex wp-container-core-columns-is-layout-1a9244c7 wp-block-columns-is-layout-flex\">\n<div class=\"wp-block-column is-vertically-aligned-center is-layout-constrained wp-container-core-column-is-layout-9ec9d9a0 wp-block-column-is-layout-constrained\"><h2 class=\"has-text-align-left wp-block-post-title has-large-font-size\"><a href=\"https:\/\/hardestchoice.org\/tr\/2025\/04\/28\/6683\/\" target=\"_self\" >&quot;Toplumsal Sesleri Yapay Zeka&#039;ya Getirmek: Fedakarl\u0131k Se\u00e7imi \u00dczerine Bir Toplumsal Anket Raporu&quot; raporunun yay\u0131mlanmas\u0131<\/a><\/h2>\n\n\n<div class=\"wp-block-group post-meta is-nowrap is-layout-flex wp-container-core-group-is-layout-1a9244c7 wp-block-group-is-layout-flex\"><div style=\"font-size:16px;\" class=\"is-style-post-date-icon wp-block-post-date\"><time datetime=\"2025-04-28T13:33:10+09:00\">28 Nisan 2025<\/time><\/div>\n\n<div style=\"font-size:16px\" class=\"taxonomy-category is-style-post-category-icon wp-block-post-terms\"><a href=\"https:\/\/hardestchoice.org\/tr\/category\/%e6%9c%aa%e5%88%86%e9%a1%9e\/\" rel=\"tag\">Kategorize edilmemi\u015f<\/a><\/div><\/div>\n<\/div>\n<\/div>\n\n\n\n<div style=\"height:30px\" aria-hidden=\"true\" class=\"wp-block-spacer\"><\/div>\n\n<\/li><li class=\"wp-block-post post-2688 post type-post status-publish format-standard hentry category-1982\">\n\n<div class=\"wp-block-columns is-layout-flex wp-container-core-columns-is-layout-1a9244c7 wp-block-columns-is-layout-flex\">\n<div class=\"wp-block-column is-vertically-aligned-center is-layout-constrained wp-container-core-column-is-layout-9ec9d9a0 wp-block-column-is-layout-constrained\"><h2 class=\"has-text-align-left wp-block-post-title has-large-font-size\"><a href=\"https:\/\/hardestchoice.org\/tr\/2024\/08\/23\/2688\/\" target=\"_self\" >\u201cAhlaki Veri K\u00fcmesi Ara\u015ft\u0131rmas\u0131n\u0131n Basit \u0130ncelemesi\u201d rapor slaytlar\u0131 yay\u0131nland\u0131<\/a><\/h2>\n\n\n<div class=\"wp-block-group post-meta is-nowrap is-layout-flex wp-container-core-group-is-layout-1a9244c7 wp-block-group-is-layout-flex\"><div style=\"font-size:16px;\" class=\"is-style-post-date-icon wp-block-post-date\"><time datetime=\"2024-08-23T14:27:05+09:00\">23 A\u011fustos 2024<\/time><\/div>\n\n<div style=\"font-size:16px\" class=\"taxonomy-category is-style-post-category-icon wp-block-post-terms\"><a href=\"https:\/\/hardestchoice.org\/tr\/category\/%e6%9c%aa%e5%88%86%e9%a1%9e\/\" rel=\"tag\">Kategorize edilmemi\u015f<\/a><\/div><\/div>\n<\/div>\n<\/div>\n\n\n\n<div style=\"height:30px\" aria-hidden=\"true\" class=\"wp-block-spacer\"><\/div>\n\n<\/li><li class=\"wp-block-post post-2436 post type-post status-publish format-standard hentry category-1982\">\n\n<div class=\"wp-block-columns is-layout-flex wp-container-core-columns-is-layout-1a9244c7 wp-block-columns-is-layout-flex\">\n<div class=\"wp-block-column is-vertically-aligned-center is-layout-constrained wp-container-core-column-is-layout-9ec9d9a0 wp-block-column-is-layout-constrained\"><h2 class=\"has-text-align-left wp-block-post-title has-large-font-size\"><a href=\"https:\/\/hardestchoice.org\/tr\/2024\/05\/27\/2436\/\" target=\"_self\" >Yapay zeka hizalama anketi belgesinin \u00e7evirisi yay\u0131nland\u0131<\/a><\/h2>\n\n\n<div class=\"wp-block-group post-meta is-nowrap is-layout-flex wp-container-core-group-is-layout-1a9244c7 wp-block-group-is-layout-flex\"><div style=\"font-size:16px;\" class=\"is-style-post-date-icon wp-block-post-date\"><time datetime=\"2024-05-27T13:35:29+09:00\">27 May\u0131s 2024<\/time><\/div>\n\n<div style=\"font-size:16px\" class=\"taxonomy-category is-style-post-category-icon wp-block-post-terms\"><a href=\"https:\/\/hardestchoice.org\/tr\/category\/%e6%9c%aa%e5%88%86%e9%a1%9e\/\" rel=\"tag\">Kategorize edilmemi\u015f<\/a><\/div><\/div>\n<\/div>\n<\/div>\n\n\n\n<div style=\"height:30px\" aria-hidden=\"true\" class=\"wp-block-spacer\"><\/div>\n\n<\/li><li class=\"wp-block-post post-1891 post type-post status-publish format-standard hentry category-1982\">\n\n<div class=\"wp-block-columns is-layout-flex wp-container-core-columns-is-layout-1a9244c7 wp-block-columns-is-layout-flex\">\n<div class=\"wp-block-column is-vertically-aligned-center is-layout-constrained wp-container-core-column-is-layout-9ec9d9a0 wp-block-column-is-layout-constrained\"><h2 class=\"has-text-align-left wp-block-post-title has-large-font-size\"><a href=\"https:\/\/hardestchoice.org\/tr\/2023\/10\/19\/1891\/\" target=\"_self\" >[Web anketine genel bak\u0131\u015f]\u300aNihai Se\u00e7im\u300bOcak2023\/May\u0131s2023<\/a><\/h2>\n\n\n<div class=\"wp-block-group post-meta is-nowrap is-layout-flex wp-container-core-group-is-layout-1a9244c7 wp-block-group-is-layout-flex\"><div style=\"font-size:16px;\" class=\"is-style-post-date-icon wp-block-post-date\"><time datetime=\"2023-10-19T11:19:56+09:00\">19 Ekim 2023<\/time><\/div>\n\n<div style=\"font-size:16px\" class=\"taxonomy-category is-style-post-category-icon wp-block-post-terms\"><a href=\"https:\/\/hardestchoice.org\/tr\/category\/%e6%9c%aa%e5%88%86%e9%a1%9e\/\" rel=\"tag\">Kategorize edilmemi\u015f<\/a><\/div><\/div>\n<\/div>\n<\/div>\n\n\n\n<div style=\"height:30px\" aria-hidden=\"true\" class=\"wp-block-spacer\"><\/div>\n\n<\/li><li class=\"wp-block-post post-1726 post type-post status-publish format-standard hentry category-1982\">\n\n<div class=\"wp-block-columns is-layout-flex wp-container-core-columns-is-layout-1a9244c7 wp-block-columns-is-layout-flex\">\n<div class=\"wp-block-column is-vertically-aligned-center is-layout-constrained wp-container-core-column-is-layout-9ec9d9a0 wp-block-column-is-layout-constrained\"><h2 class=\"has-text-align-left wp-block-post-title has-large-font-size\"><a href=\"https:\/\/hardestchoice.org\/tr\/2022\/10\/04\/1726\/\" target=\"_self\" >[Web Anketi B\u00fclteni] \u300aNihai Se\u00e7im\u300b Eyl\u00fcl2022<\/a><\/h2>\n\n\n<div class=\"wp-block-group post-meta is-nowrap is-layout-flex wp-container-core-group-is-layout-1a9244c7 wp-block-group-is-layout-flex\"><div style=\"font-size:16px;\" class=\"is-style-post-date-icon wp-block-post-date\"><time datetime=\"2022-10-04T14:25:24+09:00\">4 Ekim 2022<\/time><\/div>\n\n<div style=\"font-size:16px\" class=\"taxonomy-category is-style-post-category-icon wp-block-post-terms\"><a href=\"https:\/\/hardestchoice.org\/tr\/category\/%e6%9c%aa%e5%88%86%e9%a1%9e\/\" rel=\"tag\">Kategorize edilmemi\u015f<\/a><\/div><\/div>\n<\/div>\n<\/div>\n\n\n\n<div style=\"height:30px\" aria-hidden=\"true\" class=\"wp-block-spacer\"><\/div>\n\n<\/li><li class=\"wp-block-post post-1703 post type-post status-publish format-standard hentry category-124847 category-124855\">\n\n<div class=\"wp-block-columns is-layout-flex wp-container-core-columns-is-layout-1a9244c7 wp-block-columns-is-layout-flex\">\n<div class=\"wp-block-column is-vertically-aligned-center is-layout-constrained wp-container-core-column-is-layout-9ec9d9a0 wp-block-column-is-layout-constrained\"><h2 class=\"has-text-align-left wp-block-post-title has-large-font-size\"><a href=\"https:\/\/hardestchoice.org\/tr\/2022\/09\/22\/1703\/\" target=\"_self\" >Sonu\u00e7 raporu &quot;Herkes &lt;nihai se\u00e7im&gt; A\u011fustos 2022 ile kar\u015f\u0131 kar\u015f\u0131yad\u0131r&quot;<\/a><\/h2>\n\n\n<div class=\"wp-block-group post-meta is-nowrap is-layout-flex wp-container-core-group-is-layout-1a9244c7 wp-block-group-is-layout-flex\"><div style=\"font-size:16px;\" class=\"is-style-post-date-icon wp-block-post-date\"><time datetime=\"2022-09-22T11:39:18+09:00\">22 Eyl\u00fcl 2022<\/time><\/div>\n\n<div style=\"font-size:16px\" class=\"taxonomy-category is-style-post-category-icon wp-block-post-terms\"><a href=\"https:\/\/hardestchoice.org\/tr\/category\/%e9%81%8e%e5%8e%bb%e3%81%ae\/\" rel=\"tag\">etkinlik<\/a><span class=\"wp-block-post-terms__separator\">, <\/span><a href=\"https:\/\/hardestchoice.org\/tr\/category\/%e7%86%9f%e8%ad%b0\/\" rel=\"tag\">\u00fczerinde d\u00fc\u015f\u00fcnme<\/a><\/div><\/div>\n<\/div>\n<\/div>\n\n\n\n<div style=\"height:30px\" aria-hidden=\"true\" class=\"wp-block-spacer\"><\/div>\n\n<\/li><li class=\"wp-block-post post-1646 post type-post status-publish format-standard hentry category-124848 category-124847 category-124855\">\n\n<div class=\"wp-block-columns is-layout-flex wp-container-core-columns-is-layout-1a9244c7 wp-block-columns-is-layout-flex\">\n<div class=\"wp-block-column is-vertically-aligned-center is-layout-constrained wp-container-core-column-is-layout-9ec9d9a0 wp-block-column-is-layout-constrained\"><h2 class=\"has-text-align-left wp-block-post-title has-large-font-size\"><a href=\"https:\/\/hardestchoice.org\/tr\/2022\/08\/18\/1646\/\" target=\"_self\" >&lt;Anket sonu&gt; \u200bHerkesle y\u00fcz y\u00fcze \u300aNihai se\u00e7im\u300b A\u011fu2022<\/a><\/h2>\n\n\n<div class=\"wp-block-group post-meta is-nowrap is-layout-flex wp-container-core-group-is-layout-1a9244c7 wp-block-group-is-layout-flex\"><div style=\"font-size:16px;\" class=\"is-style-post-date-icon wp-block-post-date\"><time datetime=\"2022-08-18T22:47:11+09:00\">18 A\u011fustos 2022<\/time><\/div>\n\n<div style=\"font-size:16px\" class=\"taxonomy-category is-style-post-category-icon wp-block-post-terms\"><a href=\"https:\/\/hardestchoice.org\/tr\/category\/%e7%8f%be%e5%9c%a8%e6%a4%9c%e8%a8%8e%e4%b8%ad\/\" rel=\"tag\">fikir<\/a><span class=\"wp-block-post-terms__separator\">, <\/span><a href=\"https:\/\/hardestchoice.org\/tr\/category\/%e9%81%8e%e5%8e%bb%e3%81%ae\/\" rel=\"tag\">etkinlik<\/a><span class=\"wp-block-post-terms__separator\">, <\/span><a href=\"https:\/\/hardestchoice.org\/tr\/category\/%e7%86%9f%e8%ad%b0\/\" rel=\"tag\">\u00fczerinde d\u00fc\u015f\u00fcnme<\/a><\/div><\/div>\n<\/div>\n<\/div>\n\n\n\n<div style=\"height:30px\" aria-hidden=\"true\" class=\"wp-block-spacer\"><\/div>\n\n<\/li><li class=\"wp-block-post post-1303 post type-post status-publish format-standard hentry category-124847 category-124854\">\n\n<div class=\"wp-block-columns is-layout-flex wp-container-core-columns-is-layout-1a9244c7 wp-block-columns-is-layout-flex\">\n<div class=\"wp-block-column is-vertically-aligned-center is-layout-constrained wp-container-core-column-is-layout-9ec9d9a0 wp-block-column-is-layout-constrained\"><h2 class=\"has-text-align-left wp-block-post-title has-large-font-size\"><a href=\"https:\/\/hardestchoice.org\/tr\/2022\/05\/27\/1303\/\" target=\"_self\" >Hepimiz \u00e7al\u0131\u015ftay &quot;Uzay Hava Tahmini&quot; raporunu okuyal\u0131m<\/a><\/h2>\n\n\n<div class=\"wp-block-group post-meta is-nowrap is-layout-flex wp-container-core-group-is-layout-1a9244c7 wp-block-group-is-layout-flex\"><div style=\"font-size:16px;\" class=\"is-style-post-date-icon wp-block-post-date\"><time datetime=\"2022-05-27T16:53:20+09:00\">27 May\u0131s 2022<\/time><\/div>\n\n<div style=\"font-size:16px\" class=\"taxonomy-category is-style-post-category-icon wp-block-post-terms\"><a href=\"https:\/\/hardestchoice.org\/tr\/category\/%e9%81%8e%e5%8e%bb%e3%81%ae\/\" rel=\"tag\">etkinlik<\/a><span class=\"wp-block-post-terms__separator\">, <\/span><a href=\"https:\/\/hardestchoice.org\/tr\/category\/%e4%ba%8b%e4%be%8b%e4%bd%9c%e6%88%90\/\" rel=\"tag\">Vaka \u00e7al\u0131\u015fmas\u0131 olu\u015fturma<\/a><\/div><\/div>\n<\/div>\n<\/div>\n\n\n\n<div style=\"height:30px\" aria-hidden=\"true\" class=\"wp-block-spacer\"><\/div>\n\n<\/li><li class=\"wp-block-post post-1122 post type-post status-publish format-standard hentry category-124847 category-124855\">\n\n<div class=\"wp-block-columns is-layout-flex wp-container-core-columns-is-layout-1a9244c7 wp-block-columns-is-layout-flex\">\n<div class=\"wp-block-column is-vertically-aligned-center is-layout-constrained wp-container-core-column-is-layout-9ec9d9a0 wp-block-column-is-layout-constrained\"><h2 class=\"has-text-align-left wp-block-post-title has-large-font-size\"><a href=\"https:\/\/hardestchoice.org\/tr\/2022\/05\/24\/1122\/\" target=\"_self\" >Coronavir\u00fcs salg\u0131n\u0131 s\u0131ras\u0131nda \u201cdo\u011fru se\u00e7im\u201d \u00fczerine pilot ara\u015ft\u0131rma<\/a><\/h2>\n\n\n<div class=\"wp-block-group post-meta is-nowrap is-layout-flex wp-container-core-group-is-layout-1a9244c7 wp-block-group-is-layout-flex\"><div style=\"font-size:16px;\" class=\"is-style-post-date-icon wp-block-post-date\"><time datetime=\"2022-05-24T17:00:00+09:00\">24 May\u0131s 2022<\/time><\/div>\n\n<div style=\"font-size:16px\" class=\"taxonomy-category is-style-post-category-icon wp-block-post-terms\"><a href=\"https:\/\/hardestchoice.org\/tr\/category\/%e9%81%8e%e5%8e%bb%e3%81%ae\/\" rel=\"tag\">etkinlik<\/a><span class=\"wp-block-post-terms__separator\">, <\/span><a href=\"https:\/\/hardestchoice.org\/tr\/category\/%e7%86%9f%e8%ad%b0\/\" rel=\"tag\">\u00fczerinde d\u00fc\u015f\u00fcnme<\/a><\/div><\/div>\n<\/div>\n<\/div>\n\n\n\n<div style=\"height:30px\" aria-hidden=\"true\" class=\"wp-block-spacer\"><\/div>\n\n<\/li><li class=\"wp-block-post post-993 post type-post status-publish format-standard hentry category-124847\">\n\n<div class=\"wp-block-columns is-layout-flex wp-container-core-columns-is-layout-1a9244c7 wp-block-columns-is-layout-flex\">\n<div class=\"wp-block-column is-vertically-aligned-center is-layout-constrained wp-container-core-column-is-layout-9ec9d9a0 wp-block-column-is-layout-constrained\"><h2 class=\"has-text-align-left wp-block-post-title has-large-font-size\"><a href=\"https:\/\/hardestchoice.org\/tr\/2020\/01\/11\/993\/\" target=\"_self\" >Ocak 2020 \u00c7al\u0131\u015fma Grubu<\/a><\/h2>\n\n\n<div class=\"wp-block-group post-meta is-nowrap is-layout-flex wp-container-core-group-is-layout-1a9244c7 wp-block-group-is-layout-flex\"><div style=\"font-size:16px;\" class=\"is-style-post-date-icon wp-block-post-date\"><time datetime=\"2020-01-11T16:20:00+09:00\">11 Ocak 2020<\/time><\/div>\n\n<div style=\"font-size:16px\" class=\"taxonomy-category is-style-post-category-icon wp-block-post-terms\"><a href=\"https:\/\/hardestchoice.org\/tr\/category\/%e9%81%8e%e5%8e%bb%e3%81%ae\/\" rel=\"tag\">etkinlik<\/a><\/div><\/div>\n<\/div>\n<\/div>\n\n\n\n<div style=\"height:30px\" aria-hidden=\"true\" class=\"wp-block-spacer\"><\/div>\n\n<\/li><\/ul>\n\n<nav class=\"alignwide wp-block-query-pagination is-layout-flex wp-block-query-pagination-is-layout-flex\" aria-label=\"Sayfalama\">\n\n\n<div class=\"wp-block-query-pagination-numbers\"><span aria-current=\"page\" class=\"page-numbers current\">1<\/span>\n<a class=\"page-numbers\" href=\"?query-10-page=2\">2<\/a><\/div>\n\n<a href=\"\/tr\/wp-json\/wp\/v2\/pages\/24?query-10-page=2\" class=\"wp-block-query-pagination-next\">Sonraki sayfa<span class='wp-block-query-pagination-next-arrow is-arrow-arrow' aria-hidden='true'>\u2192<\/span><\/a>\n<\/nav><\/div>\n\n\n\n<div style=\"height:60px\" aria-hidden=\"true\" class=\"wp-block-spacer\"><\/div>\n<\/div>","protected":false},"excerpt":{"rendered":"<p>\u73fe\u5728\u7814\u7a76\u4e2d\u306e\u30c6\u30fc\u30de\u3084\u30a2\u30a4\u30c7\u30a2\u3001\u52df\u96c6\u4e2d\u306e\u8abf\u67fb\u3001\u904e\u53bb\u306e\u30a4\u30d9\u30f3\u30c8\u3067\u516c\u958b\u3057\u305f\u30dd\u30b9\u30bf\u30fc\u7b49\u3092\u3054\u89a7\u3044\u305f\u3060\u3051\u307e\u3059\u3002 \u203b\u3054\u56de\u7b54\u3044 [&hellip;]<\/p>\n","protected":false},"author":136335720,"featured_media":0,"parent":0,"menu_order":0,"comment_status":"closed","ping_status":"closed","template":"","meta":{"_crdt_document":"","advanced_seo_description":"","jetpack_seo_html_title":"","jetpack_seo_noindex":false,"jetpack_post_was_ever_published":false,"footnotes":""},"class_list":["post-24","page","type-page","status-publish","hentry"],"jetpack_likes_enabled":true,"jetpack_sharing_enabled":true,"jetpack_shortlink":"https:\/\/wp.me\/PdK9kd-o","jetpack-related-posts":[],"amp_enabled":true,"_links":{"self":[{"href":"https:\/\/hardestchoice.org\/tr\/wp-json\/wp\/v2\/pages\/24","targetHints":{"allow":["GET"]}}],"collection":[{"href":"https:\/\/hardestchoice.org\/tr\/wp-json\/wp\/v2\/pages"}],"about":[{"href":"https:\/\/hardestchoice.org\/tr\/wp-json\/wp\/v2\/types\/page"}],"author":[{"embeddable":true,"href":"https:\/\/hardestchoice.org\/tr\/wp-json\/wp\/v2\/users\/136335720"}],"replies":[{"embeddable":true,"href":"https:\/\/hardestchoice.org\/tr\/wp-json\/wp\/v2\/comments?post=24"}],"version-history":[{"count":23,"href":"https:\/\/hardestchoice.org\/tr\/wp-json\/wp\/v2\/pages\/24\/revisions"}],"predecessor-version":[{"id":1644,"href":"https:\/\/hardestchoice.org\/tr\/wp-json\/wp\/v2\/pages\/24\/revisions\/1644"}],"wp:attachment":[{"href":"https:\/\/hardestchoice.org\/tr\/wp-json\/wp\/v2\/media?parent=24"}],"curies":[{"name":"wp","href":"https:\/\/api.w.org\/{rel}","templated":true}]}}