{"id":14,"date":"2022-03-02T12:01:05","date_gmt":"2022-03-02T03:01:05","guid":{"rendered":"https:\/\/hardestchoice.org\/?page_id=14"},"modified":"2024-06-05T13:21:07","modified_gmt":"2024-06-05T04:21:07","slug":"aboutus","status":"publish","type":"page","link":"https:\/\/hardestchoice.org\/vi\/aboutus\/","title":{"rendered":"XUNG QUANH"},"content":{"rendered":"<div class=\"wp-block-group alignfull is-layout-constrained wp-block-group-is-layout-constrained\">\n<h2 class=\"wp-block-heading\">Nh\u00f3m h\u1ecdc \u300aL\u1ef1a ch\u1ecdn cu\u1ed1i c\u00f9ng\u300b<\/h2>\n\n\n\n<p class=\"wp-block-paragraph\">\u0110\u00e2y l\u00e0 trang ch\u1ee7 c\u1ee7a Nh\u00f3m nghi\u00ean c\u1ee9u ``L\u1ef1a ch\u1ecdn t\u1ed1i th\u01b0\u1ee3ng&#039;&#039; c\u1ee7a Trung t\u00e2m gi\u00e1o d\u1ee5c li\u00ean ng\u00e0nh \u0110\u1ea1i h\u1ecdc Kyoto (tr\u01b0\u1edbc \u0111\u00e2y l\u00e0 \u0110\u01a1n v\u1ecb \u00e1nh s\u00e1ng nghi\u00ean c\u1ee9u ``L\u1ef1a ch\u1ecdn t\u1ed1i th\u01b0\u1ee3ng&#039;&#039; c\u1ee7a \u0110\u1ea1i h\u1ecdc Kyoto).<\/p>\n\n\n\n<p class=\"wp-block-paragraph\">Nghi\u00ean c\u1ee9u c\u1ee7a ch\u00fang t\u00f4i kh\u00f4ng c\u00f3 hy v\u1ecdng, \u01b0\u1edbc m\u01a1 hay gi\u1ea3i th\u01b0\u1edfng Nobel. H\u01a1n n\u1eefa, b\u1ea1n c\u00f3 th\u1ec3 c\u1ea3m th\u1ea5y c\u1ea7n ph\u1ea3i xem x\u00e9t nh\u1eefng \u0111i\u1ec1u t\u00e0n nh\u1eabn nh\u01b0 v\u1eady. \u0110i\u1ec1u n\u00e0y l\u00e0 do nghi\u00ean c\u1ee9u \u201cS\u1ef1 l\u1ef1a ch\u1ecdn t\u1ed1i th\u01b0\u1ee3ng\u201d xem x\u00e9t c\u00e1i g\u00ec v\u00e0 ai n\u00ean hy sinh.<\/p>\n\n\n\n<p class=\"wp-block-paragraph\">Nh\u01b0ng \u0111\u00f3 l\u00e0 m\u1ed9t nghi\u00ean c\u1ee9u c\u1ea7n thi\u1ebft. B\u1edfi n\u1ebfu kh\u00f4ng chu\u1ea9n b\u1ecb s\u1eb5n c\u00e2u tr\u1ea3 l\u1eddi cho \u201cs\u1ef1 l\u1ef1a ch\u1ecdn cu\u1ed1i c\u00f9ng\u201d th\u00ec t\u00ecnh hu\u1ed1ng t\u1ed3i t\u1ec7 h\u01a1n s\u1ebd n\u1ea3y sinh.<\/p>\n\n\n\n<p class=\"wp-block-paragraph\">V\u00ed d\u1ee5: \u201cAi n\u00ean \u0111\u01b0\u1ee3c \u01b0u ti\u00ean ti\u00eam ch\u1ee7ng khi thi\u1ebfu v\u1eafc xin trong tr\u01b0\u1eddng h\u1ee3p x\u1ea3y ra \u0111\u1ea1i d\u1ecbch nguy hi\u1ec3m ch\u1ebft ng\u01b0\u1eddi?\u201d v\u00e0 \u201cAi n\u00ean \u0111\u01b0\u1ee3c \u01b0u ti\u00ean \u1ee9ng c\u1ee9u khi c\u1ee9u ng\u01b0\u1eddi kh\u1ecfi th\u1ea3m h\u1ecda quy m\u00f4 l\u1edbn?\u201d nh\u01b0 th\u1ebf n\u00e0y kh\u00f4ng ph\u1ea3i l\u00e0 chuy\u1ec7n c\u00f3 th\u1ec3 tr\u1ea3 l\u1eddi ngay t\u1ea1i ch\u1ed7.<\/p>\n\n\n\n<p class=\"wp-block-paragraph\">N\u1ebfu kh\u00f4ng tr\u1ea3 l\u1eddi c\u00e2u h\u1ecfi v\u1ec1 s\u1ef1 hy sinh n\u00e0y, r\u1ea5t c\u00f3 th\u1ec3 ch\u00fang ta s\u1ebd r\u01a1i v\u00e0o t\u00ecnh hu\u1ed1ng \u0111\u1ebfn tr\u01b0\u1edbc \u0111\u01b0\u1ee3c ph\u1ee5c v\u1ee5 tr\u01b0\u1edbc, \u01b0u ti\u00ean ng\u01b0\u1eddi quy\u1ec1n l\u1ef1c v\u00e0 gi\u00e0u c\u00f3, ho\u1eb7c ch\u00fang ta n\u00e9 tr\u00e1nh s\u1ef1 l\u1ef1a ch\u1ecdn v\u00e0 m\u1ecdi ng\u01b0\u1eddi \u0111\u1ec1u b\u1ecb hy sinh. m\u1ecdi ng\u01b0\u1eddi kh\u00f4ng mu\u1ed1n.<\/p>\n\n\n\n<p class=\"wp-block-paragraph\">D\u00f9 ch\u00fang ta c\u00f3 ti\u1ebfp t\u1ee5c ngo\u1ea3nh m\u1eb7t \u0111i th\u00ec k\u1ebft c\u1ee5c kh\u1ee7ng khi\u1ebfp c\u0169ng s\u1ebd kh\u00f4ng thay \u0111\u1ed5i.<\/p>\n\n\n\n<p class=\"wp-block-paragraph\">M\u1ed9t s\u1ed1 ng\u01b0\u1eddi c\u0169ng c\u00f3 th\u1ec3 ngh\u0129 \u0111\u1ebfn vi\u1ec7c ph\u00e2n lo\u1ea1i, ch\u1eb3ng h\u1ea1n, li\u00ean quan \u0111\u1ebfn c\u00e2u h\u1ecfi n\u00e0y. Tuy nhi\u00ean, nh\u1eefng g\u00ec x\u1ea3y ra trong tr\u1eadn \u0111\u1ed9ng \u0111\u1ea5t l\u1edbn \u1edf ph\u00eda \u0110\u00f4ng Nh\u1eadt B\u1ea3n l\u00e0 m\u1ed9t t\u00ecnh hu\u1ed1ng kh\u1ea9n c\u1ea5p, trong \u0111\u00f3 ngay c\u1ea3 khi vi\u1ec7c ph\u00e2n lo\u1ea1i \u0111\u01b0\u1ee3c g\u1eafn th\u1ebb l\u00e0 &quot;\u0111i\u1ec1u tr\u1ecb \u01b0u ti\u00ean cao nh\u1ea5t&quot; th\u00ec s\u1ed1 ca b\u1ec7nh v\u1eabn qu\u00e1 l\u1edbn v\u00e0 c\u1ea7n ph\u1ea3i l\u1ef1a ch\u1ecdn th\u00eam. Quy m\u00f4 c\u1ee7a th\u1ea3m h\u1ecda ho\u1eb7c v\u1ea5n \u0111\u1ec1 c\u00e0ng l\u1edbn th\u00ec vi\u1ec7c \u1ee9ng ph\u00f3 b\u1eb1ng c\u00e1c c\u01a1 ch\u1ebf th\u00f4ng th\u01b0\u1eddng c\u00e0ng tr\u1edf n\u00ean kh\u00f3 kh\u0103n h\u01a1n v\u00e0 s\u1ef1 l\u1ef1a ch\u1ecdn cu\u1ed1i c\u00f9ng s\u1ebd xu\u1ea5t hi\u1ec7n \u1edf m\u1ecdi n\u01a1i.<\/p>\n\n\n\n<p class=\"wp-block-paragraph\">\u0110\u1ec3 chu\u1ea9n b\u1ecb cho s\u1ef1 xu\u1ea5t hi\u1ec7n c\u1ee7a m\u1ed9t \u201cs\u1ef1 l\u1ef1a ch\u1ecdn cu\u1ed1i c\u00f9ng\u201d nh\u01b0 v\u1eady, t\u00f4i tin r\u1eb1ng \u0111\u1ec3 t\u1ea1o ra nh\u1eefng c\u00e2u tr\u1ea3 l\u1eddi m\u00e0 c\u00e0ng nhi\u1ec1u ng\u01b0\u1eddi c\u00f3 th\u1ec3 ch\u1ea5p nh\u1eadn c\u00e0ng t\u1ed1t, ch\u00fang ta c\u1ea7n m\u1ed9t h\u1ec7 th\u1ed1ng cho ph\u00e9p th\u1ea3o lu\u1eadn v\u00e0 l\u1ef1a ch\u1ecdn c\u1ea9n th\u1eadn.<\/p>\n\n\n\n<p class=\"wp-block-paragraph\">V\u00ec v\u1eady, v\u1edbi ti\u00eau \u0111\u1ec1 `` S\u1ef1 l\u1ef1a ch\u1ecdn t\u1ed1i th\u01b0\u1ee3ng &#039;&#039;, ch\u00fang t\u00f4i \u0111ang nghi\u00ean c\u1ee9u v\u1ea5n \u0111\u1ec1 l\u1ef1a ch\u1ecdn trong nh\u1eefng t\u00ecnh hu\u1ed1ng kh\u1eafc nghi\u1ec7t v\u00e0 t\u00ecm ki\u1ebfm nh\u1eefng gi\u1ea3i ph\u00e1p t\u1ed1t h\u01a1n.<\/p>\n\n\n\n<p class=\"wp-block-paragraph\">B\u1ea1n c\u00f3 mu\u1ed1n c\u00f9ng nhau suy ngh\u0129 v\u1ec1 s\u1ef1 l\u1ef1a ch\u1ecdn cu\u1ed1i c\u00f9ng kh\u00f4ng?<\/p>\n\n\n\n<p class=\"wp-block-paragraph\">(Trong t\u01b0\u01a1ng lai, t\u00f4i mu\u1ed1n h\u01b0\u1edbng t\u1edbi m\u1ed9t h\u1ec7 th\u1ed1ng h\u1ed7 tr\u1ee3 vi\u1ec7c ra quy\u1ebft \u0111\u1ecbnh to\u00e0n c\u1ea7u b\u1eb1ng c\u00e1ch ch\u1ea5p nh\u1eadn \u0111\u1ec1 xu\u1ea5t c\u1ee7a c\u1eed tri, cung c\u1ea5p di\u1ec5n \u0111\u00e0n \u0111\u1ec3 th\u1ea3o lu\u1eadn v\u00e0 chu\u1ea9n b\u1ecb c\u00e1c phi\u00ean b\u1ea3n b\u1eb1ng nhi\u1ec1u ng\u00f4n ng\u1eef kh\u00e1c nhau, nh\u01b0ng \u0111i\u1ec1u n\u00e0y v\u1eabn c\u00f2n r\u1ea5t xa.)<\/p>\n\n\n\n<figure class=\"wp-block-image size-full\"><a href=\"https:\/\/i0.wp.com\/hardestchoice.org\/wp-content\/uploads\/2022\/04\/figure-hardestchoice.png?ssl=1\"><img loading=\"lazy\" decoding=\"async\" width=\"1280\" height=\"957\" data-attachment-id=\"79\" data-permalink=\"https:\/\/hardestchoice.org\/vi\/aboutus\/figure-hardestchoice\/\" data-orig-file=\"https:\/\/i0.wp.com\/hardestchoice.org\/wp-content\/uploads\/2022\/04\/figure-hardestchoice.png?fit=1280%2C957&amp;ssl=1\" data-orig-size=\"1280,957\" data-comments-opened=\"0\" data-image-meta=\"{&quot;aperture&quot;:&quot;0&quot;,&quot;credit&quot;:&quot;&quot;,&quot;camera&quot;:&quot;&quot;,&quot;caption&quot;:&quot;&quot;,&quot;created_timestamp&quot;:&quot;0&quot;,&quot;copyright&quot;:&quot;&quot;,&quot;focal_length&quot;:&quot;0&quot;,&quot;iso&quot;:&quot;0&quot;,&quot;shutter_speed&quot;:&quot;0&quot;,&quot;title&quot;:&quot;&quot;,&quot;orientation&quot;:&quot;0&quot;}\" data-image-title=\"figure-hardestchoice\" data-image-description=\"\" data-image-caption=\"\" data-large-file=\"https:\/\/i0.wp.com\/hardestchoice.org\/wp-content\/uploads\/2022\/04\/figure-hardestchoice.png?fit=1024%2C766&amp;ssl=1\" src=\"https:\/\/i0.wp.com\/hardestchoice.org\/wp-content\/uploads\/2022\/04\/figure-hardestchoice.png?fit=1280%2C957&amp;ssl=1\" alt=\"\" class=\"wp-image-79\" srcset=\"https:\/\/i0.wp.com\/hardestchoice.org\/wp-content\/uploads\/2022\/04\/figure-hardestchoice.png?w=1280&amp;ssl=1 1280w, https:\/\/i0.wp.com\/hardestchoice.org\/wp-content\/uploads\/2022\/04\/figure-hardestchoice.png?resize=300%2C224&amp;ssl=1 300w, https:\/\/i0.wp.com\/hardestchoice.org\/wp-content\/uploads\/2022\/04\/figure-hardestchoice.png?resize=1024%2C766&amp;ssl=1 1024w, https:\/\/i0.wp.com\/hardestchoice.org\/wp-content\/uploads\/2022\/04\/figure-hardestchoice.png?resize=768%2C574&amp;ssl=1 768w, https:\/\/i0.wp.com\/hardestchoice.org\/wp-content\/uploads\/2022\/04\/figure-hardestchoice.png?resize=16%2C12&amp;ssl=1 16w, https:\/\/i0.wp.com\/hardestchoice.org\/wp-content\/uploads\/2022\/04\/figure-hardestchoice.png?resize=400%2C300&amp;ssl=1 400w, https:\/\/i0.wp.com\/hardestchoice.org\/wp-content\/uploads\/2022\/04\/figure-hardestchoice.png?resize=200%2C150&amp;ssl=1 200w, https:\/\/i0.wp.com\/hardestchoice.org\/wp-content\/uploads\/2022\/04\/figure-hardestchoice.png?resize=1200%2C897&amp;ssl=1 1200w\" sizes=\"auto, (max-width: 1000px) 100vw, 1000px\" \/><\/a><\/figure>\n<\/div>\n\n\n\n<hr class=\"wp-block-separator has-alpha-channel-opacity is-style-wide\"\/>\n\n\n\n<h2 class=\"wp-block-heading\">t\u00e0i tr\u1ee3 nghi\u00ean c\u1ee9u<\/h2>\n\n\n\n<p class=\"wp-block-paragraph\">&quot;<em>Y\u00eau c\u1ea7u \u0111\u1ed1i v\u1edbi AI \u0111\u1ec3 \u0111\u01b0a ra c\u00e1c quy\u1ebft \u0111\u1ecbnh x\u00e3 h\u1ed9i<\/em>- ch\u1ea5t l\u01b0\u1ee3ng t\u1ed1t<em>t\u1eadp d\u1eef li\u1ec7u<\/em>v\u00e0 mong mu\u1ed1n<em>\u0111\u1ea7u ra<\/em>nghi\u00ean c\u1ee9u\u201d (s\u1ed1 \u0111\u1ec1<a href=\"https:\/\/toyotafound.secure.force.com\/psearch\/JoseiDetail?name=D19-ST-0019\">D19-ST-0019<\/a>, Ng\u01b0\u1eddi \u0111\u1ea1i di\u1ec7n: Hirotsugu Oba) (Ch\u1ee7 \u0111\u1ec1 c\u1ee5 th\u1ec3 c\u1ee7a Toyota Foundation 2019 \u201cM\u1ed9t x\u00e3 h\u1ed9i lo\u00e0i ng\u01b0\u1eddi m\u1edbi \u0111\u01b0\u1ee3c \u0111\u1ed3ng s\u00e1ng t\u1ea1o v\u1edbi c\u00f4ng ngh\u1ec7 ti\u00ean ti\u1ebfn\u201d)<\/p>\n\n\n\n<p class=\"wp-block-paragraph\"><a href=\"https:\/\/toyotafound.secure.force.com\/psearch\/JoseiDetail?name=D19-ST-0019\">https:\/\/toyotafound.secure.force.com\/psearch\/JoseiDetail?name=D19-ST-0019<\/a><\/p>\n\n\n\n<hr class=\"wp-block-separator has-alpha-channel-opacity is-style-wide\"\/>\n\n\n\n<h2 class=\"wp-block-heading\">th\u00e0nh vi\u00ean nghi\u00ean c\u1ee9u<\/h2>\n\n\n\n<p class=\"wp-block-paragraph\"><\/p>\n\n\n\n<p class=\"wp-block-paragraph\"><strong>Yuko Kagai<\/strong><br>\u0110\u1ea1i h\u1ecdc Tokyo, Vi\u1ec7n V\u1eadt l\u00fd v\u00e0 To\u00e1n h\u1ecdc V\u0169 tr\u1ee5 Kavli, Nh\u00e0 nghi\u00ean c\u1ee9u \u0111\u01b0\u1ee3c ch\u1ec9 \u0111\u1ecbnh \u0111\u1eb7c bi\u1ec7t, \u1ee9ng d\u1ee5ng ki\u1ebfn th\u1ee9c v\u1ec1 l\u00fd thuy\u1ebft truy\u1ec1n th\u00f4ng khoa h\u1ecdc<\/p>\n\n\n\n<p class=\"wp-block-paragraph\"><strong>Makoto Ozono<\/strong><br>\u0110\u1ea1i h\u1ecdc Doshisha, Vi\u1ec7n Nh\u00e2n v\u0103n, Nh\u00e0 nghi\u00ean c\u1ee9u h\u1ee3p \u0111\u1ed3ng, \u1ee8ng d\u1ee5ng ki\u1ebfn th\u1ee9c khoa h\u1ecdc ch\u00ednh tr\u1ecb<\/p>\n\n\n\n<p class=\"wp-block-paragraph\"><strong><a href=\"https:\/\/researchmap.jp\/overhiro\/\" data-type=\"URL\" data-id=\"https:\/\/researchmap.jp\/overhiro\/\" target=\"_blank\" rel=\"noreferrer noopener\">Hirotsugu Ohba<\/a><\/strong><br>\u0110\u1ea1i h\u1ecdc Rikkyo, Tr\u01b0\u1eddng Cao h\u1ecdc Khoa h\u1ecdc Tr\u00ed tu\u1ec7 Nh\u00e2n t\u1ea1o, Gi\u00e1o s\u01b0 \u0111\u01b0\u1ee3c b\u1ed5 nhi\u1ec7m \u0111\u1eb7c bi\u1ec7t, Ng\u01b0\u1eddi \u0111\u1ea1i di\u1ec7n, T\u1ed5ng ch\u1ecbu tr\u00e1ch nhi\u1ec7m<\/p>\n\n\n\n<p class=\"wp-block-paragraph\"><strong>Shinpei Okamoto<\/strong><br>\u0110\u1ea1i h\u1ecdc Hiroshima, Tr\u01b0\u1eddng Cao h\u1ecdc V\u0103n h\u1ecdc, Tr\u1ee3 l\u00fd Gi\u00e1o s\u01b0, \u1ee8ng d\u1ee5ng ki\u1ebfn th\u1ee9c v\u00e0o tri\u1ebft h\u1ecdc \u1ee9ng d\u1ee5ng<\/p>\n\n\n\n<p class=\"wp-block-paragraph\"><strong>Masashi Kasagi<\/strong><br>Ph\u00f3 Gi\u00e1o s\u01b0 \u0111\u01b0\u1ee3c b\u1ed5 nhi\u1ec7m \u0111\u1eb7c bi\u1ec7t, Vi\u1ec7n Ngh\u1ec7 thu\u1eadt T\u1ef1 do \u0110\u1ea1i h\u1ecdc Nagoya, \u1ee8ng d\u1ee5ng Ki\u1ebfn th\u1ee9c Tri\u1ebft h\u1ecdc Th\u1ef1c nghi\u1ec7m<\/p>\n\n\n\n<p class=\"wp-block-paragraph\"><strong>Noiru Kikuchi<\/strong><br>Vi\u1ec7n nghi\u00ean c\u1ee9u ch\u00ednh s\u00e1ch qu\u1ed1c gia\/Trung t\u00e2m nghi\u00ean c\u1ee9u ch\u00ednh s\u00e1ch \u0111\u1ed5i m\u1edbi khoa h\u1ecdc v\u00e0 c\u00f4ng ngh\u1ec7\/C\u00e1c chuy\u00ean gia, \u1ee8ng d\u1ee5ng ki\u1ebfn th\u1ee9c trong l\u00fd thuy\u1ebft truy\u1ec1n th\u00f4ng khoa h\u1ecdc<\/p>\n\n\n\n<p class=\"wp-block-paragraph\"><strong>Harushi Tamazawa<\/strong><br>\u0110\u1ea1i h\u1ecdc Kyoto, Tr\u01b0\u1eddng Cao h\u1ecdc V\u0103n h\u1ecdc, Nh\u00e0 nghi\u00ean c\u1ee9u, Ph\u00f3 \u0110\u1ea1i di\u1ec7n, \u1ee8ng d\u1ee5ng Ki\u1ebfn th\u1ee9c Khoa h\u1ecdc V\u0169 tr\u1ee5<\/p>\n\n\n\n<p class=\"wp-block-paragraph\"><strong>Satoshi Kawamura<\/strong><br>\u0110\u1ea1i h\u1ecdc Kyoto, Tr\u01b0\u1eddng Cao h\u1ecdc Khoa h\u1ecdc \u0110\u00e0i quan s\u00e1t Thi\u00ean v\u0103n, Ch\u01b0\u01a1ng tr\u00ecnh Ti\u1ebfn s\u0129, \u1ee8ng d\u1ee5ng Ki\u1ebfn th\u1ee9c Khoa h\u1ecdc V\u0169 tr\u1ee5<\/p>\n\n\n\n<p class=\"wp-block-paragraph\"><strong>shiro komatsu<\/strong><br>\u0110\u1ea1i h\u1ecdc Yamanashi, Khoa Khoa h\u1ecdc \u0110\u1eddi s\u1ed1ng v\u00e0 M\u00f4i tr\u01b0\u1eddng, Ph\u00f3 Gi\u00e1o s\u01b0, \u1ee9ng d\u1ee5ng ki\u1ebfn th\u1ee9c t\u1eeb khoa h\u1ecdc \u0111\u1eddi s\u1ed1ng v\u00e0 khoa h\u1ecdc ch\u00ednh tr\u1ecb<\/p>\n\n\n\n<p class=\"wp-block-paragraph\"><strong>Keiko Sato<\/strong><br>\u0110\u1ea1i h\u1ecdc Kyoto, Khoa Y B\u1ec7nh vi\u1ec7n, Khoa Qu\u1ea3n l\u00fd An to\u00e0n Y t\u1ebf, Ph\u00f3 Gi\u00e1o s\u01b0 \u0111\u01b0\u1ee3c b\u1ed5 nhi\u1ec7m \u0111\u1eb7c bi\u1ec7t, \u1ee8ng d\u1ee5ng Ki\u1ebfn th\u1ee9c Khoa h\u1ecdc \u0110\u1eddi s\u1ed1ng<\/p>\n\n\n\n<p class=\"wp-block-paragraph\"><strong>Mika Suzuki<\/strong><br>\u0110\u1ea1i h\u1ecdc Kyoto, Vi\u1ec7n nghi\u00ean c\u1ee9u t\u1ebf b\u00e0o iPS, Ph\u00f2ng nghi\u00ean c\u1ee9u \u0111\u1ea1o \u0111\u1ee9c Uehiro, Nh\u00e0 nghi\u00ean c\u1ee9u \u0111\u1eb7c bi\u1ec7t, \u1ee8ng d\u1ee5ng ki\u1ebfn th\u1ee9c v\u1ec1 \u0111\u1ea1o \u0111\u1ee9c sinh h\u1ecdc<\/p>\n\n\n\n<p class=\"wp-block-paragraph\"><strong>Yuki Takagi<\/strong><br>\u0110\u1ea1i h\u1ecdc Kyoto, Tr\u01b0\u1eddng Cao h\u1ecdc V\u0103n h\u1ecdc, Ch\u01b0\u01a1ng tr\u00ecnh Ti\u1ebfn s\u0129, \u1ee8ng d\u1ee5ng Ki\u1ebfn th\u1ee9c trong \u0110\u1ea1o \u0111\u1ee9c \u1ee8ng d\u1ee5ng<\/p>\n\n\n\n<p class=\"wp-block-paragraph\"><strong>Masatsugu Chichiiwa<\/strong><br>\u0110\u1ea1i h\u1ecdc th\u00e0nh ph\u1ed1 Kitakyushu, Khoa Ngo\u1ea1i ng\u1eef, gi\u1ea3ng vi\u00ean b\u00e1n th\u1eddi gian, \u1ee9ng d\u1ee5ng ki\u1ebfn th\u1ee9c khoa h\u1ecdc ch\u00ednh tr\u1ecb<\/p>\n\n\n\n<p class=\"wp-block-paragraph\"><strong><a href=\"https:\/\/researchmap.jp\/Nagafumi_Nakamura\/?lang=japanese\" target=\"_blank\" rel=\"noreferrer noopener\">Nagafumi Nakamura<\/a><\/strong><br>Tr\u1ee3 l\u00fd d\u1ef1 \u00e1n Gi\u00e1o s\u01b0, T\u1ed5 ch\u1ee9c v\u00ec s\u1ef1 ti\u1ebfn b\u1ed9 c\u1ee7a gi\u00e1o d\u1ee5c ngh\u1ec7 thu\u1eadt t\u1ef1 do, Khoa Khoa h\u1ecdc v\u00e0 Ngh\u1ec7 thu\u1eadt, \u0110\u1ea1i h\u1ecdc Tokyo, \u1ee8ng d\u1ee5ng ki\u1ebfn th\u1ee9c khoa h\u1ecdc ch\u00ednh tr\u1ecb<\/p>\n\n\n\n<p class=\"wp-block-paragraph\"><strong>Kojiro Honda<\/strong><br>\u0110\u1ea1i h\u1ecdc Y Kanazawa, Khoa Khoa h\u1ecdc Con ng\u01b0\u1eddi, Ph\u00f3 Gi\u00e1o s\u01b0, \u1ee8ng d\u1ee5ng ki\u1ebfn th\u1ee9c t\u1eeb tri\u1ebft h\u1ecdc \u1ee9ng d\u1ee5ng<\/p>\n\n\n\n<p class=\"wp-block-paragraph\"><strong>Koki Miyano<\/strong><br>Ph\u00f3 Gi\u00e1o s\u01b0, Trung t\u00e2m X\u00fac ti\u1ebfn Gi\u00e1o d\u1ee5c v\u00e0 Nghi\u00ean c\u1ee9u Li\u00ean ng\u00e0nh, \u0110\u1ea1i h\u1ecdc Kyoto, \u1ee8ng d\u1ee5ng ki\u1ebfn th\u1ee9c t\u1eeb t\u00edch h\u1ee3p li\u00ean ng\u00e0nh<\/p>\n\n\n\n<p class=\"wp-block-paragraph\"><strong>Masahiro Morioka<\/strong><br>\u0110\u1ea1i h\u1ecdc Waseda, Khoa Khoa h\u1ecdc Con ng\u01b0\u1eddi, Gi\u00e1o s\u01b0, \u1ee8ng d\u1ee5ng ki\u1ebfn th\u1ee9c t\u1eeb tri\u1ebft h\u1ecdc \u1ee9ng d\u1ee5ng<\/p>","protected":false},"excerpt":{"rendered":"<p>\u300a\u7a76\u6975\u306e\u9078\u629e\u300b\u7814\u7a76\u4f1a \u4eac\u90fd\u5927\u5b66 \u5b66\u969b\u878d\u5408\u6559\u80b2\u30bb\u30f3\u30bf\u30fc\u300a\u7a76\u6975\u306e\u9078\u629e\u300b\u7814\u7a76\u4f1a\uff08\u65e7 \u4eac\u90fd\u5927\u5b66\u300a\u7a76\u6975\u306e\u9078\u629e\u300b\u7814\u7a76\u30e9\u30a4\u30c8 [&hellip;]<\/p>\n","protected":false},"author":131104234,"featured_media":0,"parent":0,"menu_order":0,"comment_status":"closed","ping_status":"closed","template":"","meta":{"_crdt_document":"","advanced_seo_description":"","jetpack_seo_html_title":"","jetpack_seo_noindex":false,"footnotes":""},"class_list":["post-14","page","type-page","status-publish","hentry"],"jetpack_likes_enabled":true,"jetpack_sharing_enabled":true,"jetpack_shortlink":"https:\/\/wp.me\/PdK9kd-e","jetpack-related-posts":[],"amp_enabled":true,"_links":{"self":[{"href":"https:\/\/hardestchoice.org\/vi\/wp-json\/wp\/v2\/pages\/14","targetHints":{"allow":["GET"]}}],"collection":[{"href":"https:\/\/hardestchoice.org\/vi\/wp-json\/wp\/v2\/pages"}],"about":[{"href":"https:\/\/hardestchoice.org\/vi\/wp-json\/wp\/v2\/types\/page"}],"author":[{"embeddable":true,"href":"https:\/\/hardestchoice.org\/vi\/wp-json\/wp\/v2\/users\/131104234"}],"replies":[{"embeddable":true,"href":"https:\/\/hardestchoice.org\/vi\/wp-json\/wp\/v2\/comments?post=14"}],"version-history":[{"count":36,"href":"https:\/\/hardestchoice.org\/vi\/wp-json\/wp\/v2\/pages\/14\/revisions"}],"predecessor-version":[{"id":2469,"href":"https:\/\/hardestchoice.org\/vi\/wp-json\/wp\/v2\/pages\/14\/revisions\/2469"}],"wp:attachment":[{"href":"https:\/\/hardestchoice.org\/vi\/wp-json\/wp\/v2\/media?parent=14"}],"curies":[{"name":"trang web","href":"https:\/\/api.w.org\/{rel}","templated":true}]}}