{"id":2,"date":"2022-02-22T12:05:45","date_gmt":"2022-02-22T03:05:45","guid":{"rendered":"https:\/\/hardestchoice.org\/home\/"},"modified":"2022-10-07T23:06:48","modified_gmt":"2022-10-07T14:06:48","slug":"home","status":"publish","type":"page","link":"https:\/\/hardestchoice.org\/vi\/","title":{"rendered":"TRANG CH\u1ee6"},"content":{"rendered":"<div class=\"wp-block-cover alignfull home-title\"><span aria-hidden=\"true\" class=\"wp-block-cover__background has-background-background-color has-background-dim\"><\/span><img data-recalc-dims=\"1\" loading=\"lazy\" decoding=\"async\" width=\"1920\" height=\"1008\" data-attachment-id=\"1611\" data-permalink=\"https:\/\/hardestchoice.org\/vi\/home\/choice-2692466_1920\/\" data-orig-file=\"https:\/\/i0.wp.com\/hardestchoice.org\/wp-content\/uploads\/2022\/07\/choice-2692466_1920.jpg?fit=1920%2C1008&amp;ssl=1\" data-orig-size=\"1920,1008\" data-comments-opened=\"0\" data-image-meta=\"{&quot;aperture&quot;:&quot;0&quot;,&quot;credit&quot;:&quot;&quot;,&quot;camera&quot;:&quot;&quot;,&quot;caption&quot;:&quot;&quot;,&quot;created_timestamp&quot;:&quot;0&quot;,&quot;copyright&quot;:&quot;&quot;,&quot;focal_length&quot;:&quot;0&quot;,&quot;iso&quot;:&quot;0&quot;,&quot;shutter_speed&quot;:&quot;0&quot;,&quot;title&quot;:&quot;&quot;,&quot;orientation&quot;:&quot;0&quot;}\" data-image-title=\"choice-2692466_1920\" data-image-description=\"\" data-image-caption=\"\" data-large-file=\"https:\/\/i0.wp.com\/hardestchoice.org\/wp-content\/uploads\/2022\/07\/choice-2692466_1920.jpg?fit=1024%2C538&amp;ssl=1\" class=\"wp-block-cover__image-background wp-image-1611\" alt=\"H\u00ecnh \u1ea3nh t\u1eeb Pixabay b\u1edfi Gerd Altmann \" src=\"https:\/\/i0.wp.com\/hardestchoice.org\/wp-content\/uploads\/2022\/07\/choice-2692466_1920.jpg?resize=1920%2C1008&#038;ssl=1\" style=\"object-position:50% 50%\" data-object-fit=\"cover\" data-object-position=\"50% 50%\" srcset=\"https:\/\/i0.wp.com\/hardestchoice.org\/wp-content\/uploads\/2022\/07\/choice-2692466_1920.jpg?w=1920&amp;ssl=1 1920w, https:\/\/i0.wp.com\/hardestchoice.org\/wp-content\/uploads\/2022\/07\/choice-2692466_1920.jpg?resize=300%2C158&amp;ssl=1 300w, https:\/\/i0.wp.com\/hardestchoice.org\/wp-content\/uploads\/2022\/07\/choice-2692466_1920.jpg?resize=1024%2C538&amp;ssl=1 1024w, https:\/\/i0.wp.com\/hardestchoice.org\/wp-content\/uploads\/2022\/07\/choice-2692466_1920.jpg?resize=768%2C403&amp;ssl=1 768w, https:\/\/i0.wp.com\/hardestchoice.org\/wp-content\/uploads\/2022\/07\/choice-2692466_1920.jpg?resize=1536%2C806&amp;ssl=1 1536w, https:\/\/i0.wp.com\/hardestchoice.org\/wp-content\/uploads\/2022\/07\/choice-2692466_1920.jpg?resize=18%2C9&amp;ssl=1 18w, https:\/\/i0.wp.com\/hardestchoice.org\/wp-content\/uploads\/2022\/07\/choice-2692466_1920.jpg?resize=1200%2C630&amp;ssl=1 1200w\" sizes=\"auto, (max-width: 1000px) 100vw, 1000px\" \/><div class=\"wp-block-cover__inner-container is-layout-flow wp-block-cover-is-layout-flow\">\n<figure class=\"wp-block-image is-resized\" id=\"block-4d637d81-873f-4292-b603-b7320fb34fa1\"><img data-recalc-dims=\"1\" loading=\"lazy\" decoding=\"async\" src=\"https:\/\/i0.wp.com\/hardestchoice.org\/wp-content\/uploads\/2022\/05\/main-logo-bk-1.png?resize=329%2C121&#038;ssl=1\" alt=\"S\u1ef0 L\u1ef0A CH\u1eccN KH\u00d3 NH\u1ea4T\" width=\"329\" height=\"121\"\/><\/figure>\n\n\n\n<div style=\"height:30px\" aria-hidden=\"true\" class=\"wp-block-spacer\"><\/div>\n\n\n\n<p class=\"has-text-align-center has-primary-color has-text-color has-large-font-size wp-block-paragraph\" id=\"block-5c0f1368-255c-44f4-b062-97af4631e77e\"><strong> Nh\u00f3m h\u1ecdc \u300aL\u1ef1a ch\u1ecdn cu\u1ed1i c\u00f9ng\u300b<\/strong><\/p>\n\n\n\n<p class=\"has-text-align-center has-primary-color has-text-color has-medium-font-size wp-block-paragraph\" id=\"block-5c0f1368-255c-44f4-b062-97af4631e77e\">(\u0110\u01a1n v\u1ecb \u00e1nh s\u00e1ng nghi\u00ean c\u1ee9u \u300aS\u1ef1 l\u1ef1a ch\u1ecdn cu\u1ed1i c\u00f9ng\u300b c\u1ee7a \u0110\u1ea1i h\u1ecdc Kyoto c\u0169)<\/p>\n\n\n\n<p class=\"has-text-align-center has-primary-color has-text-color has-medium-font-size wp-block-paragraph\" id=\"block-5c0f1368-255c-44f4-b062-97af4631e77e\"><br><strong>Ch\u00fang t\u00f4i nghi\u00ean c\u1ee9u c\u00e1c v\u1ea5n \u0111\u1ec1 l\u1ef1a ch\u1ecdn trong c\u00e1c t\u00ecnh hu\u1ed1ng c\u1ef1c \u0111oan.<\/strong><\/p>\n\n\n\n<p class=\"wp-block-paragraph\"><\/p>\n\n\n\n<p class=\"wp-block-paragraph\"><\/p>\n\n\n\n<p class=\"wp-block-paragraph\"><\/p>\n\n\n\n<p class=\"wp-block-paragraph\"><\/p>\n\n\n\n<div class=\"wp-block-buttons is-content-justification-center is-nowrap is-layout-flex wp-container-core-buttons-is-layout-65182d36 wp-block-buttons-is-layout-flex\">\n<div class=\"wp-block-button\"><a class=\"wp-block-button__link has-primary-background-color has-background wp-element-button\" href=\"https:\/\/hardestchoice.org\/vi\/aboutus\/\" style=\"border-radius:100px\">V\u1ec1 ch\u00fang t\u00f4i<\/a><\/div>\n<\/div>\n<\/div><\/div>\n\n\n\n<p class=\"wp-block-paragraph\">B\u1ea1n s\u1ebd l\u00e0m g\u00ec khi b\u1ea1n kh\u00f4ng th\u1ec3 c\u1ee9u ai \u0111\u00f3 m\u00e0 kh\u00f4ng hy sinh ng\u01b0\u1eddi kh\u00e1c?<br><br>\u201cM\u01a1 h\u1ed3\u201d, \u201cphi th\u1ef1c t\u1ebf\u201d\u2026 c\u00f3 th\u1ec3 nghe th\u1ea5y nhi\u1ec1u gi\u1ecdng \u0111i\u1ec7u kh\u00e1c nhau.<br>Tr\u00ean h\u1ebft, s\u1ebd c\u00f3 nh\u1eefng l\u1eddi ch\u1ec9 tr\u00edch r\u1eb1ng &quot;b\u1ea3n th\u00e2n m\u1ed9t c\u00e2u h\u1ecfi nh\u01b0 v\u1eady l\u00e0 phi \u0111\u1ea1o \u0111\u1ee9c.&quot;<\/p>\n\n\n\n<p class=\"wp-block-paragraph\">Nh\u01b0ng S\u1ef1 l\u1ef1a ch\u1ecdn t\u1ed1i th\u01b0\u1ee3ng v\u1eabn t\u1ed3n t\u1ea1i.<\/p>\n\n\n\n<p class=\"wp-block-paragraph\">Nghi\u00ean c\u1ee9u v\u1ec1 &quot;L\u1ef1a ch\u1ecdn cu\u1ed1i c\u00f9ng&quot; s\u1ebd t\u1eebng ch\u00fat m\u1ed9t \u0111i s\u00e2u v\u00e0o v\u1ea5n \u0111\u1ec1 nan gi\u1ea3i kh\u00f4ng th\u1ec3 ch\u1ea1m t\u1edbi t\u1eeb nhi\u1ec1u g\u00f3c \u0111\u1ed9 kh\u00e1c nhau nh\u01b0 c\u00e1ch ti\u1ebfp nh\u1eadn, c\u00e1ch \u0111\u1eb7t c\u00e2u h\u1ecfi v\u00e0 c\u00e1ch quy\u1ebft \u0111\u1ecbnh.<\/p>\n\n\n\n<div class=\"wp-block-cover alignfull is-light home-research\" style=\"padding-top:100px;padding-right:5vw;padding-bottom:100px;padding-left:5vw\"><span aria-hidden=\"true\" class=\"wp-block-cover__background has-background-dim-100 has-background-dim\" style=\"background-color:#f8f8f8\"><\/span><div class=\"wp-block-cover__inner-container is-layout-flow wp-block-cover-is-layout-flow\">\n<div class=\"wp-block-group is-layout-flow wp-block-group-is-layout-flow\" style=\"font-size:25px\">\n<h2 class=\"wp-block-heading\" style=\"font-size:56px\">T\u00ccM KI\u1ebeM<\/h2>\n\n\n\n<p class=\"has-small-font-size wp-block-paragraph\">\u0110\u00e2y l\u00e0 t\u00ecnh tr\u1ea1ng nghi\u00ean c\u1ee9u hi\u1ec7n t\u1ea1i.<\/p>\n\n\n\n<div style=\"height:20px\" aria-hidden=\"true\" class=\"wp-block-spacer\"><\/div>\n\n\n<ul class=\"wp-block-latest-posts__list has-dates alignwide wp-block-latest-posts\"><li><a class=\"wp-block-latest-posts__post-title\" href=\"https:\/\/hardestchoice.org\/vi\/2025\/04\/28\/6683\/\">Xu\u1ea5t b\u1ea3n b\u00e1o c\u00e1o &quot;Mang ti\u1ebfng n\u00f3i x\u00e3 h\u1ed9i \u0111\u1ebfn AI: B\u00e1o c\u00e1o kh\u1ea3o s\u00e1t x\u00e3 h\u1ed9i v\u1ec1 s\u1ef1 l\u1ef1a ch\u1ecdn hy sinh&quot;<\/a><time datetime=\"2025-04-28T13:33:10+09:00\" class=\"wp-block-latest-posts__post-date\">Ng\u00e0y 28 th\u00e1ng 4 n\u0103m 2025<\/time><\/li>\n<li><a class=\"wp-block-latest-posts__post-title\" href=\"https:\/\/hardestchoice.org\/vi\/2024\/08\/23\/2688\/\">C\u00e1c slide b\u00e1o c\u00e1o \u201c\u0110\u00e1nh gi\u00e1 \u0111\u01a1n gi\u1ea3n v\u1ec1 nghi\u00ean c\u1ee9u t\u1eadp d\u1eef li\u1ec7u \u0111\u1ea1o \u0111\u1ee9c\u201d \u0111\u01b0\u1ee3c xu\u1ea5t b\u1ea3n<\/a><time datetime=\"2024-08-23T14:27:05+09:00\" class=\"wp-block-latest-posts__post-date\">Ng\u00e0y 23 th\u00e1ng 8 n\u0103m 2024<\/time><\/li>\n<li><a class=\"wp-block-latest-posts__post-title\" href=\"https:\/\/hardestchoice.org\/vi\/2024\/05\/27\/2436\/\">B\u1ea3n d\u1ecbch b\u00e0i kh\u1ea3o s\u00e1t li\u00ean k\u1ebft AI \u0111\u01b0\u1ee3c xu\u1ea5t b\u1ea3n<\/a><time datetime=\"2024-05-27T13:35:29+09:00\" class=\"wp-block-latest-posts__post-date\">Ng\u00e0y 27 th\u00e1ng 5 n\u0103m 2024<\/time><\/li>\n<\/ul>\n\n\n<div class=\"wp-block-buttons is-content-justification-center is-layout-flex wp-container-core-buttons-is-layout-77b97fe5 wp-block-buttons-is-layout-flex\">\n<div class=\"wp-block-button aligncenter has-custom-font-size is-style-fill has-medium-font-size\"><a class=\"wp-block-button__link wp-element-button\" href=\"https:\/\/hardestchoice.org\/vi\/research\/\" style=\"border-radius:100px;padding-top:0.5rem;padding-right:2rem;padding-bottom:0.5rem;padding-left:2rem\">\u0110\u1ecdc th\u00eam<\/a><\/div>\n<\/div>\n<\/div>\n<\/div><\/div>\n\n\n\n<div class=\"wp-block-columns alignfull is-layout-flex wp-container-core-columns-is-layout-75cdc7a9 wp-block-columns-is-layout-flex\" style=\"padding-top:0px;padding-right:0px;padding-bottom:0px;padding-left:0px\">\n<div class=\"wp-block-column is-layout-flow wp-block-column-is-layout-flow\">\n<div class=\"wp-block-group has-border-color has-background-border-color is-layout-flow wp-block-group-is-layout-flow\" style=\"border-style:solid;padding-top:60px;padding-right:5vw;padding-bottom:60px;padding-left:5vw\">\n<h2 class=\"wp-block-heading\" style=\"font-size:56px\">C\u00c1C HO\u1ea0T \u0110\u1ed8NG<\/h2>\n\n\n\n<figure class=\"wp-block-image size-full bg-activities\"><img data-recalc-dims=\"1\" loading=\"lazy\" decoding=\"async\" width=\"226\" height=\"164\" data-attachment-id=\"918\" data-permalink=\"https:\/\/hardestchoice.org\/vi\/bg-activities\/\" data-orig-file=\"https:\/\/i0.wp.com\/hardestchoice.org\/wp-content\/uploads\/2022\/05\/bg-activities.png?fit=226%2C164&amp;ssl=1\" data-orig-size=\"226,164\" data-comments-opened=\"0\" data-image-meta=\"{&quot;aperture&quot;:&quot;0&quot;,&quot;credit&quot;:&quot;&quot;,&quot;camera&quot;:&quot;&quot;,&quot;caption&quot;:&quot;&quot;,&quot;created_timestamp&quot;:&quot;0&quot;,&quot;copyright&quot;:&quot;&quot;,&quot;focal_length&quot;:&quot;0&quot;,&quot;iso&quot;:&quot;0&quot;,&quot;shutter_speed&quot;:&quot;0&quot;,&quot;title&quot;:&quot;&quot;,&quot;orientation&quot;:&quot;0&quot;}\" data-image-title=\"bg-activities\" data-image-description=\"\" data-image-caption=\"\" data-large-file=\"https:\/\/i0.wp.com\/hardestchoice.org\/wp-content\/uploads\/2022\/05\/bg-activities.png?fit=226%2C164&amp;ssl=1\" src=\"https:\/\/i0.wp.com\/hardestchoice.org\/wp-content\/uploads\/2022\/05\/bg-activities.png?resize=226%2C164&#038;ssl=1\" alt=\"\" class=\"wp-image-918\" srcset=\"https:\/\/i0.wp.com\/hardestchoice.org\/wp-content\/uploads\/2022\/05\/bg-activities.png?w=226&amp;ssl=1 226w, https:\/\/i0.wp.com\/hardestchoice.org\/wp-content\/uploads\/2022\/05\/bg-activities.png?resize=18%2C12&amp;ssl=1 18w\" sizes=\"auto, (max-width: 226px) 100vw, 226px\" \/><\/figure>\n\n\n\n<p class=\"wp-block-paragraph\">B\u1ea1n c\u00f3 th\u1ec3 xem h\u1ed3 s\u01a1 ho\u1ea1t \u0111\u1ed9ng, k\u1ebft qu\u1ea3, \u1ea5n ph\u1ea9m, v.v. c\u1ee7a nh\u00f3m nghi\u00ean c\u1ee9u \u300aL\u1ef1a ch\u1ecdn cu\u1ed1i c\u00f9ng\u300b.<\/p>\n\n\n\n<div class=\"wp-block-buttons is-content-justification-center is-layout-flex wp-container-core-buttons-is-layout-77b97fe5 wp-block-buttons-is-layout-flex\">\n<div class=\"wp-block-button alignleft has-custom-font-size has-medium-font-size\"><a class=\"wp-block-button__link wp-element-button\" href=\"https:\/\/hardestchoice.org\/vi\/activities\/\" style=\"border-radius:100px;padding-top:0.5rem;padding-right:2rem;padding-bottom:0.5rem;padding-left:2rem\">\u0110\u1ecdc th\u00eam<\/a><\/div>\n<\/div>\n<\/div>\n<\/div>\n\n\n\n<div class=\"wp-block-column is-layout-flow wp-block-column-is-layout-flow\">\n<div class=\"wp-block-group has-border-color has-background-border-color is-layout-flow wp-block-group-is-layout-flow\" style=\"border-style:solid;padding-top:60px;padding-right:5vw;padding-bottom:60px;padding-left:5vw\">\n<h2 class=\"wp-block-heading\" style=\"font-size:56px\">H\u1eceI \u0110\u00c1P \/ LI\u00caN H\u1ec6<\/h2>\n\n\n\n<figure class=\"wp-block-image size-full bg-faq\"><img data-recalc-dims=\"1\" loading=\"lazy\" decoding=\"async\" width=\"169\" height=\"228\" data-attachment-id=\"919\" data-permalink=\"https:\/\/hardestchoice.org\/vi\/bg-faq\/\" data-orig-file=\"https:\/\/i0.wp.com\/hardestchoice.org\/wp-content\/uploads\/2022\/05\/bg-faq.png?fit=169%2C228&amp;ssl=1\" data-orig-size=\"169,228\" data-comments-opened=\"0\" data-image-meta=\"{&quot;aperture&quot;:&quot;0&quot;,&quot;credit&quot;:&quot;&quot;,&quot;camera&quot;:&quot;&quot;,&quot;caption&quot;:&quot;&quot;,&quot;created_timestamp&quot;:&quot;0&quot;,&quot;copyright&quot;:&quot;&quot;,&quot;focal_length&quot;:&quot;0&quot;,&quot;iso&quot;:&quot;0&quot;,&quot;shutter_speed&quot;:&quot;0&quot;,&quot;title&quot;:&quot;&quot;,&quot;orientation&quot;:&quot;0&quot;}\" data-image-title=\"bg-faq\" data-image-description=\"\" data-image-caption=\"\" data-large-file=\"https:\/\/i0.wp.com\/hardestchoice.org\/wp-content\/uploads\/2022\/05\/bg-faq.png?fit=169%2C228&amp;ssl=1\" src=\"https:\/\/i0.wp.com\/hardestchoice.org\/wp-content\/uploads\/2022\/05\/bg-faq.png?resize=169%2C228&#038;ssl=1\" alt=\"\" class=\"wp-image-919\" srcset=\"https:\/\/i0.wp.com\/hardestchoice.org\/wp-content\/uploads\/2022\/05\/bg-faq.png?w=169&amp;ssl=1 169w, https:\/\/i0.wp.com\/hardestchoice.org\/wp-content\/uploads\/2022\/05\/bg-faq.png?resize=9%2C12&amp;ssl=1 9w\" sizes=\"auto, (max-width: 169px) 100vw, 169px\" \/><\/figure>\n\n\n\n<p class=\"wp-block-paragraph\">N\u1ebfu b\u1ea1n c\u00f3 b\u1ea5t k\u1ef3 c\u00e2u h\u1ecfi ho\u1eb7c th\u1eafc m\u1eafc n\u00e0o v\u1ec1 c\u00e1c ho\u1ea1t \u0111\u1ed9ng c\u1ee7a ch\u00fang t\u00f4i, vui l\u00f2ng nh\u1ea5p v\u00e0o \u0111\u00e2y.<\/p>\n\n\n\n<div class=\"wp-block-buttons is-content-justification-center is-layout-flex wp-container-core-buttons-is-layout-77b97fe5 wp-block-buttons-is-layout-flex\">\n<div class=\"wp-block-button alignleft has-custom-font-size has-medium-font-size\"><a class=\"wp-block-button__link wp-element-button\" href=\"https:\/\/hardestchoice.org\/vi\/contactus\/\" style=\"border-radius:100px;padding-top:0.5rem;padding-right:2rem;padding-bottom:0.5rem;padding-left:2rem\">\u0110\u1ecdc th\u00eam<\/a><\/div>\n<\/div>\n<\/div>\n<\/div>\n<\/div>\n\n\n\n<div class=\"wp-block-cover alignfull is-light home-news\"><span aria-hidden=\"true\" class=\"wp-block-cover__background has-secondary-background-color has-background-dim-100 has-background-dim\"><\/span><div class=\"wp-block-cover__inner-container is-layout-flow wp-block-cover-is-layout-flow\">\n<div class=\"wp-block-group is-layout-flow wp-block-group-is-layout-flow\">\n<div style=\"height:40px\" aria-hidden=\"true\" class=\"wp-block-spacer pc-spacer\"><\/div>\n\n\n\n<h2 class=\"has-text-align-center wp-block-heading\" style=\"font-size:56px\">TIN T\u1ee8C<\/h2>\n\n\n\n<p class=\"has-text-align-center wp-block-paragraph\">Vui l\u00f2ng theo d\u00f5i ch\u00fang t\u00f4i tr\u00ean Twitter v\u00e0 Facebook \u0111\u1ec3 c\u1eadp nh\u1eadt.<\/p>\n\n\n\n<figure class=\"wp-block-embed aligncenter is-type-rich is-provider-twitter wp-block-embed-twitter\"><div class=\"wp-block-embed__wrapper\">\n<div class=\"embed-twitter\"><a class=\"twitter-timeline\" data-width=\"500\" data-height=\"750\" data-dnt=\"true\" href=\"https:\/\/twitter.com\/HardestChoiceRG?ref_src=twsrc%5Etfw\">Tweet c\u1ee7a HardestChoiceRG<\/a><script async src=\"https:\/\/platform.twitter.com\/widgets.js\" charset=\"utf-8\"><\/script><\/div>\n<\/div><\/figure>\n\n\n\n<ul class=\"wp-block-social-links has-large-icon-size has-visible-labels is-style-default is-content-justification-center is-layout-flex wp-container-core-social-links-is-layout-77b97fe5 wp-block-social-links-is-layout-flex\"><li class=\"wp-social-link wp-social-link-twitter  wp-block-social-link\"><a rel=\"noopener nofollow\" target=\"_blank\" href=\"https:\/\/twitter.com\/HardestChoiceRG\" class=\"wp-block-social-link-anchor\"><svg width=\"24\" height=\"24\" viewbox=\"0 0 24 24\" version=\"1.1\" xmlns=\"http:\/\/www.w3.org\/2000\/svg\" aria-hidden=\"true\" focusable=\"false\"><path d=\"M22.23,5.924c-0.736,0.326-1.527,0.547-2.357,0.646c0.847-0.508,1.498-1.312,1.804-2.27 c-0.793,0.47-1.671,0.812-2.606,0.996C18.324,4.498,17.257,4,16.077,4c-2.266,0-4.103,1.837-4.103,4.103 c0,0.322,0.036,0.635,0.106,0.935C8.67,8.867,5.647,7.234,3.623,4.751C3.27,5.357,3.067,6.062,3.067,6.814 c0,1.424,0.724,2.679,1.825,3.415c-0.673-0.021-1.305-0.206-1.859-0.513c0,0.017,0,0.034,0,0.052c0,1.988,1.414,3.647,3.292,4.023 c-0.344,0.094-0.707,0.144-1.081,0.144c-0.264,0-0.521-0.026-0.772-0.074c0.522,1.63,2.038,2.816,3.833,2.85 c-1.404,1.1-3.174,1.756-5.096,1.756c-0.331,0-0.658-0.019-0.979-0.057c1.816,1.164,3.973,1.843,6.29,1.843 c7.547,0,11.675-6.252,11.675-11.675c0-0.178-0.004-0.355-0.012-0.531C20.985,7.47,21.68,6.747,22.23,5.924z\"><\/path><\/svg><span class=\"wp-block-social-link-label\">Twitter<\/span><\/a><\/li>\n\n<li class=\"wp-social-link wp-social-link-facebook  wp-block-social-link\"><a rel=\"noopener nofollow\" target=\"_blank\" href=\"https:\/\/www.facebook.com\/hardestchoice.org\" class=\"wp-block-social-link-anchor\"><svg width=\"24\" height=\"24\" viewbox=\"0 0 24 24\" version=\"1.1\" xmlns=\"http:\/\/www.w3.org\/2000\/svg\" aria-hidden=\"true\" focusable=\"false\"><path d=\"M12 2C6.5 2 2 6.5 2 12c0 5 3.7 9.1 8.4 9.9v-7H7.9V12h2.5V9.8c0-2.5 1.5-3.9 3.8-3.9 1.1 0 2.2.2 2.2.2v2.5h-1.3c-1.2 0-1.6.8-1.6 1.6V12h2.8l-.4 2.9h-2.3v7C18.3 21.1 22 17 22 12c0-5.5-4.5-10-10-10z\"><\/path><\/svg><span class=\"wp-block-social-link-label\">Facebook<\/span><\/a><\/li><\/ul>\n\n\n\n<div style=\"height:40px\" aria-hidden=\"true\" class=\"wp-block-spacer\"><\/div>\n<\/div>\n<\/div><\/div>\n\n\n\n<div class=\"wp-block-cover alignwide is-light\"><span aria-hidden=\"true\" class=\"wp-block-cover__background has-background-background-color has-background-dim-100 has-background-dim\"><\/span><div class=\"wp-block-cover__inner-container is-layout-flow wp-block-cover-is-layout-flow\">\n<div class=\"wp-block-group home-link is-layout-flow wp-block-group-is-layout-flow\">\n<div style=\"height:40px\" aria-hidden=\"true\" class=\"wp-block-spacer pc-spacer\"><\/div>\n\n\n\n<h2 class=\"wp-block-heading\" style=\"font-size:56px\">LI\u00caN K\u1ebeT<\/h2>\n\n\n\n<figure class=\"wp-block-image size-full bg-link\"><img data-recalc-dims=\"1\" loading=\"lazy\" decoding=\"async\" width=\"295\" height=\"191\" data-attachment-id=\"1109\" data-permalink=\"https:\/\/hardestchoice.org\/vi\/bg-link\/\" data-orig-file=\"https:\/\/i0.wp.com\/hardestchoice.org\/wp-content\/uploads\/2022\/05\/bg-link.png?fit=295%2C191&amp;ssl=1\" data-orig-size=\"295,191\" data-comments-opened=\"0\" data-image-meta=\"{&quot;aperture&quot;:&quot;0&quot;,&quot;credit&quot;:&quot;&quot;,&quot;camera&quot;:&quot;&quot;,&quot;caption&quot;:&quot;&quot;,&quot;created_timestamp&quot;:&quot;0&quot;,&quot;copyright&quot;:&quot;&quot;,&quot;focal_length&quot;:&quot;0&quot;,&quot;iso&quot;:&quot;0&quot;,&quot;shutter_speed&quot;:&quot;0&quot;,&quot;title&quot;:&quot;&quot;,&quot;orientation&quot;:&quot;0&quot;}\" data-image-title=\"bg-link\" data-image-description=\"\" data-image-caption=\"\" data-large-file=\"https:\/\/i0.wp.com\/hardestchoice.org\/wp-content\/uploads\/2022\/05\/bg-link.png?fit=295%2C191&amp;ssl=1\" src=\"https:\/\/i0.wp.com\/hardestchoice.org\/wp-content\/uploads\/2022\/05\/bg-link.png?resize=295%2C191&#038;ssl=1\" alt=\"\" class=\"wp-image-1109\" srcset=\"https:\/\/i0.wp.com\/hardestchoice.org\/wp-content\/uploads\/2022\/05\/bg-link.png?w=295&amp;ssl=1 295w, https:\/\/i0.wp.com\/hardestchoice.org\/wp-content\/uploads\/2022\/05\/bg-link.png?resize=18%2C12&amp;ssl=1 18w\" sizes=\"auto, (max-width: 295px) 100vw, 295px\" \/><\/figure>\n\n\n\n<ul class=\"wp-block-list\" style=\"font-size:20px\">\n<li><a rel=\"noreferrer noopener\" href=\"http:\/\/www.cpier.kyoto-u.ac.jp\/\" target=\"_blank\">Trung t\u00e2m X\u00fac ti\u1ebfn Gi\u00e1o d\u1ee5c v\u00e0 Nghi\u00ean c\u1ee9u Li\u00ean ng\u00e0nh c\u1ee7a \u0110\u1ea1i h\u1ecdc Kyoto<\/a><\/li>\n\n\n\n<li><a rel=\"noreferrer noopener\" href=\"https:\/\/research.kyoto-u.ac.jp\/academic-day\/\" target=\"_blank\">Ng\u00e0y H\u1ecdc thu\u1eadt \u0110\u1ea1i h\u1ecdc Kyoto<\/a><\/li>\n<\/ul>\n\n\n\n<div style=\"height:40px\" aria-hidden=\"true\" class=\"wp-block-spacer pc-spacer\"><\/div>\n<\/div>\n<\/div><\/div>\n\n\n\n<p class=\"wp-block-paragraph\">Trang ch\u1ee7 n\u00e0y l\u00e0<em>Y\u00eau c\u1ea7u \u0111\u1ed1i v\u1edbi AI \u0111\u1ec3 \u0111\u01b0a ra c\u00e1c quy\u1ebft \u0111\u1ecbnh x\u00e3 h\u1ed9i<\/em>- ch\u1ea5t l\u01b0\u1ee3ng t\u1ed1t<em>t\u1eadp d\u1eef li\u1ec7u<\/em>v\u00e0 mong mu\u1ed1n<em>\u0111\u1ea7u ra<\/em>nghi\u00ean c\u1ee9u\u201d (s\u1ed1 \u0111\u1ec1<a href=\"https:\/\/toyotafound.secure.force.com\/psearch\/JoseiDetail?name=D19-ST-0019\">D19-ST-0019<\/a>, \u0110\u1ea1i di\u1ec7n: Hirotsugu Oba) (S\u1ed1 \u0111\u1eb7c bi\u1ec7t c\u1ee7a Qu\u1ef9 Toyota 2019 &quot;X\u00e3 h\u1ed9i lo\u00e0i ng\u01b0\u1eddi m\u1edbi \u0111\u01b0\u1ee3c \u0111\u1ed3ng s\u00e1ng t\u1ea1o v\u1edbi c\u00f4ng ngh\u1ec7 ti\u00ean ti\u1ebfn&quot;).<\/p>","protected":false},"excerpt":{"rendered":"<p>\u8ab0\u304b\u3092\u72a0\u7272\u306b\u3057\u306a\u3051\u308c\u3070\u3001\u8ab0\u304b\u3092\u6551\u3048\u306a\u3044\u3068\u304d\u3001\u3042\u306a\u305f\u306a\u3089\u3069\u3046\u3057\u307e\u3059\u304b\uff1f \u300c\u3042\u3044\u307e\u3044\u300d\u300c\u975e\u73fe\u5b9f\u7684\u300d\u30fb\u30fb\u30fb\u69d8\u3005\u306a\u58f0\u304c [&hellip;]<\/p>\n","protected":false},"author":136335720,"featured_media":0,"parent":0,"menu_order":0,"comment_status":"closed","ping_status":"closed","template":"header-footer-only","meta":{"_crdt_document":"","advanced_seo_description":"","jetpack_seo_html_title":"","jetpack_seo_noindex":false,"footnotes":""},"class_list":["post-2","page","type-page","status-publish","hentry"],"jetpack_likes_enabled":null,"jetpack_sharing_enabled":false,"jetpack_shortlink":"https:\/\/wp.me\/PdK9kd-2","jetpack-related-posts":[],"amp_enabled":true,"_links":{"self":[{"href":"https:\/\/hardestchoice.org\/vi\/wp-json\/wp\/v2\/pages\/2","targetHints":{"allow":["GET"]}}],"collection":[{"href":"https:\/\/hardestchoice.org\/vi\/wp-json\/wp\/v2\/pages"}],"about":[{"href":"https:\/\/hardestchoice.org\/vi\/wp-json\/wp\/v2\/types\/page"}],"author":[{"embeddable":true,"href":"https:\/\/hardestchoice.org\/vi\/wp-json\/wp\/v2\/users\/136335720"}],"replies":[{"embeddable":true,"href":"https:\/\/hardestchoice.org\/vi\/wp-json\/wp\/v2\/comments?post=2"}],"version-history":[{"count":100,"href":"https:\/\/hardestchoice.org\/vi\/wp-json\/wp\/v2\/pages\/2\/revisions"}],"predecessor-version":[{"id":2444,"href":"https:\/\/hardestchoice.org\/vi\/wp-json\/wp\/v2\/pages\/2\/revisions\/2444"}],"wp:attachment":[{"href":"https:\/\/hardestchoice.org\/vi\/wp-json\/wp\/v2\/media?parent=2"}],"curies":[{"name":"trang web","href":"https:\/\/api.w.org\/{rel}","templated":true}]}}