{"id":24,"date":"2022-03-02T12:14:30","date_gmt":"2022-03-02T03:14:30","guid":{"rendered":"https:\/\/hardestchoice.org\/?page_id=24"},"modified":"2022-05-24T23:50:30","modified_gmt":"2022-05-24T14:50:30","slug":"research","status":"publish","type":"page","link":"https:\/\/hardestchoice.org\/vi\/research\/","title":{"rendered":"T\u00ccM KI\u1ebeM"},"content":{"rendered":"<div class=\"wp-block-group is-layout-constrained wp-block-group-is-layout-constrained\">\n<p class=\"wp-block-paragraph\">B\u1ea1n c\u00f3 th\u1ec3 xem c\u00e1c ch\u1ee7 \u0111\u1ec1 v\u00e0 \u00fd t\u01b0\u1edfng m\u00e0 ch\u00fang t\u00f4i hi\u1ec7n \u0111ang nghi\u00ean c\u1ee9u, c\u00e1c cu\u1ed9c kh\u1ea3o s\u00e1t m\u00e0 ch\u00fang t\u00f4i \u0111ang tuy\u1ec3n d\u1ee5ng, c\u00e1c \u00e1p ph\u00edch \u0111\u01b0\u1ee3c xu\u1ea5t b\u1ea3n t\u1ea1i c\u00e1c s\u1ef1 ki\u1ec7n tr\u01b0\u1edbc \u0111\u00e2y, v.v.<\/p>\n\n\n\n<p class=\"has-small-font-size wp-block-paragraph\">*Nh\u1eefng l\u1ef1a ch\u1ecdn v\u00e0 \u00fd ki\u1ebfn m\u00e0 b\u1ea1n cung c\u1ea5p s\u1ebd \u0111\u01b0\u1ee3c Nh\u00f3m nghi\u00ean c\u1ee9u ``L\u1ef1a ch\u1ecdn cu\u1ed1i c\u00f9ng&#039;&#039; c\u1ee7a \u0110\u1ea1i h\u1ecdc Kyoto ph\u00e2n t\u00edch v\u00e0 t\u1ed5ng h\u1ee3p ch\u1ec9 nh\u1eb1m m\u1ee5c \u0111\u00edch nghi\u00ean c\u1ee9u v\u00e0 s\u1ebd \u0111\u01b0\u1ee3c s\u1eed d\u1ee5ng trong c\u00e1c h\u1ed9i ngh\u1ecb h\u1ecdc thu\u1eadt, t\u00e0i li\u1ec7u h\u1ecdc thu\u1eadt v\u00e0 tr\u00ean trang web n\u00e0y. C\u00e1c c\u00e1 nh\u00e2n s\u1ebd kh\u00f4ng \u0111\u01b0\u1ee3c x\u00e1c \u0111\u1ecbnh.<\/p>\n\n\n\n<div style=\"height:40px\" aria-hidden=\"true\" class=\"wp-block-spacer\"><\/div>\n\n\n\n<div class=\"wp-block-query is-style-quadrat-diamond-posts is-layout-constrained wp-block-query-is-layout-constrained\"><ul class=\"wp-block-post-template is-layout-flow wp-block-post-template-is-layout-flow\"><li class=\"wp-block-post post-6683 post type-post status-publish format-standard hentry category-1982\">\n\n<div class=\"wp-block-columns is-layout-flex wp-container-core-columns-is-layout-1a9244c7 wp-block-columns-is-layout-flex\">\n<div class=\"wp-block-column is-vertically-aligned-center is-layout-constrained wp-container-core-column-is-layout-9ec9d9a0 wp-block-column-is-layout-constrained\"><h2 class=\"has-text-align-left wp-block-post-title has-large-font-size\"><a href=\"https:\/\/hardestchoice.org\/vi\/2025\/04\/28\/6683\/\" target=\"_self\" >Xu\u1ea5t b\u1ea3n b\u00e1o c\u00e1o &quot;Mang ti\u1ebfng n\u00f3i x\u00e3 h\u1ed9i \u0111\u1ebfn AI: B\u00e1o c\u00e1o kh\u1ea3o s\u00e1t x\u00e3 h\u1ed9i v\u1ec1 s\u1ef1 l\u1ef1a ch\u1ecdn hy sinh&quot;<\/a><\/h2>\n\n\n<div class=\"wp-block-group post-meta is-nowrap is-layout-flex wp-container-core-group-is-layout-1a9244c7 wp-block-group-is-layout-flex\"><div style=\"font-size:16px;\" class=\"is-style-post-date-icon wp-block-post-date\"><time datetime=\"2025-04-28T13:33:10+09:00\">Ng\u00e0y 28 th\u00e1ng 4 n\u0103m 2025<\/time><\/div>\n\n<div style=\"font-size:16px\" class=\"taxonomy-category is-style-post-category-icon wp-block-post-terms\"><a href=\"https:\/\/hardestchoice.org\/vi\/category\/%e6%9c%aa%e5%88%86%e9%a1%9e\/\" rel=\"tag\">Ch\u01b0a \u0111\u01b0\u1ee3c ph\u00e2n lo\u1ea1i<\/a><\/div><\/div>\n<\/div>\n<\/div>\n\n\n\n<div style=\"height:30px\" aria-hidden=\"true\" class=\"wp-block-spacer\"><\/div>\n\n<\/li><li class=\"wp-block-post post-2688 post type-post status-publish format-standard hentry category-1982\">\n\n<div class=\"wp-block-columns is-layout-flex wp-container-core-columns-is-layout-1a9244c7 wp-block-columns-is-layout-flex\">\n<div class=\"wp-block-column is-vertically-aligned-center is-layout-constrained wp-container-core-column-is-layout-9ec9d9a0 wp-block-column-is-layout-constrained\"><h2 class=\"has-text-align-left wp-block-post-title has-large-font-size\"><a href=\"https:\/\/hardestchoice.org\/vi\/2024\/08\/23\/2688\/\" target=\"_self\" >C\u00e1c slide b\u00e1o c\u00e1o \u201c\u0110\u00e1nh gi\u00e1 \u0111\u01a1n gi\u1ea3n v\u1ec1 nghi\u00ean c\u1ee9u t\u1eadp d\u1eef li\u1ec7u \u0111\u1ea1o \u0111\u1ee9c\u201d \u0111\u01b0\u1ee3c xu\u1ea5t b\u1ea3n<\/a><\/h2>\n\n\n<div class=\"wp-block-group post-meta is-nowrap is-layout-flex wp-container-core-group-is-layout-1a9244c7 wp-block-group-is-layout-flex\"><div style=\"font-size:16px;\" class=\"is-style-post-date-icon wp-block-post-date\"><time datetime=\"2024-08-23T14:27:05+09:00\">Ng\u00e0y 23 th\u00e1ng 8 n\u0103m 2024<\/time><\/div>\n\n<div style=\"font-size:16px\" class=\"taxonomy-category is-style-post-category-icon wp-block-post-terms\"><a href=\"https:\/\/hardestchoice.org\/vi\/category\/%e6%9c%aa%e5%88%86%e9%a1%9e\/\" rel=\"tag\">Ch\u01b0a \u0111\u01b0\u1ee3c ph\u00e2n lo\u1ea1i<\/a><\/div><\/div>\n<\/div>\n<\/div>\n\n\n\n<div style=\"height:30px\" aria-hidden=\"true\" class=\"wp-block-spacer\"><\/div>\n\n<\/li><li class=\"wp-block-post post-2436 post type-post status-publish format-standard hentry category-1982\">\n\n<div class=\"wp-block-columns is-layout-flex wp-container-core-columns-is-layout-1a9244c7 wp-block-columns-is-layout-flex\">\n<div class=\"wp-block-column is-vertically-aligned-center is-layout-constrained wp-container-core-column-is-layout-9ec9d9a0 wp-block-column-is-layout-constrained\"><h2 class=\"has-text-align-left wp-block-post-title has-large-font-size\"><a href=\"https:\/\/hardestchoice.org\/vi\/2024\/05\/27\/2436\/\" target=\"_self\" >B\u1ea3n d\u1ecbch b\u00e0i kh\u1ea3o s\u00e1t li\u00ean k\u1ebft AI \u0111\u01b0\u1ee3c xu\u1ea5t b\u1ea3n<\/a><\/h2>\n\n\n<div class=\"wp-block-group post-meta is-nowrap is-layout-flex wp-container-core-group-is-layout-1a9244c7 wp-block-group-is-layout-flex\"><div style=\"font-size:16px;\" class=\"is-style-post-date-icon wp-block-post-date\"><time datetime=\"2024-05-27T13:35:29+09:00\">Ng\u00e0y 27 th\u00e1ng 5 n\u0103m 2024<\/time><\/div>\n\n<div style=\"font-size:16px\" class=\"taxonomy-category is-style-post-category-icon wp-block-post-terms\"><a href=\"https:\/\/hardestchoice.org\/vi\/category\/%e6%9c%aa%e5%88%86%e9%a1%9e\/\" rel=\"tag\">Ch\u01b0a \u0111\u01b0\u1ee3c ph\u00e2n lo\u1ea1i<\/a><\/div><\/div>\n<\/div>\n<\/div>\n\n\n\n<div style=\"height:30px\" aria-hidden=\"true\" class=\"wp-block-spacer\"><\/div>\n\n<\/li><li class=\"wp-block-post post-1891 post type-post status-publish format-standard hentry category-1982\">\n\n<div class=\"wp-block-columns is-layout-flex wp-container-core-columns-is-layout-1a9244c7 wp-block-columns-is-layout-flex\">\n<div class=\"wp-block-column is-vertically-aligned-center is-layout-constrained wp-container-core-column-is-layout-9ec9d9a0 wp-block-column-is-layout-constrained\"><h2 class=\"has-text-align-left wp-block-post-title has-large-font-size\"><a href=\"https:\/\/hardestchoice.org\/vi\/2023\/10\/19\/1891\/\" target=\"_self\" >[T\u1ed5ng quan v\u1ec1 kh\u1ea3o s\u00e1t tr\u00ean web]\u300aL\u1ef1a ch\u1ecdn t\u1ed1i th\u01b0\u1ee3ng\u300bTh\u00e1ng 1 n\u0103m 2023\/Th\u00e1ng 5 n\u0103m 2023<\/a><\/h2>\n\n\n<div class=\"wp-block-group post-meta is-nowrap is-layout-flex wp-container-core-group-is-layout-1a9244c7 wp-block-group-is-layout-flex\"><div style=\"font-size:16px;\" class=\"is-style-post-date-icon wp-block-post-date\"><time datetime=\"2023-10-19T11:19:56+09:00\">Ng\u00e0y 19 th\u00e1ng 10 n\u0103m 2023<\/time><\/div>\n\n<div style=\"font-size:16px\" class=\"taxonomy-category is-style-post-category-icon wp-block-post-terms\"><a href=\"https:\/\/hardestchoice.org\/vi\/category\/%e6%9c%aa%e5%88%86%e9%a1%9e\/\" rel=\"tag\">Ch\u01b0a \u0111\u01b0\u1ee3c ph\u00e2n lo\u1ea1i<\/a><\/div><\/div>\n<\/div>\n<\/div>\n\n\n\n<div style=\"height:30px\" aria-hidden=\"true\" class=\"wp-block-spacer\"><\/div>\n\n<\/li><li class=\"wp-block-post post-1726 post type-post status-publish format-standard hentry category-1982\">\n\n<div class=\"wp-block-columns is-layout-flex wp-container-core-columns-is-layout-1a9244c7 wp-block-columns-is-layout-flex\">\n<div class=\"wp-block-column is-vertically-aligned-center is-layout-constrained wp-container-core-column-is-layout-9ec9d9a0 wp-block-column-is-layout-constrained\"><h2 class=\"has-text-align-left wp-block-post-title has-large-font-size\"><a href=\"https:\/\/hardestchoice.org\/vi\/2022\/10\/04\/1726\/\" target=\"_self\" >[B\u1ea3n tin kh\u1ea3o s\u00e1t web] \u300aL\u1ef1a ch\u1ecdn cu\u1ed1i c\u00f9ng\u300b Th\u00e1ng 9 n\u0103m 2022<\/a><\/h2>\n\n\n<div class=\"wp-block-group post-meta is-nowrap is-layout-flex wp-container-core-group-is-layout-1a9244c7 wp-block-group-is-layout-flex\"><div style=\"font-size:16px;\" class=\"is-style-post-date-icon wp-block-post-date\"><time datetime=\"2022-10-04T14:25:24+09:00\">Ng\u00e0y 4 th\u00e1ng 10 n\u0103m 2022<\/time><\/div>\n\n<div style=\"font-size:16px\" class=\"taxonomy-category is-style-post-category-icon wp-block-post-terms\"><a href=\"https:\/\/hardestchoice.org\/vi\/category\/%e6%9c%aa%e5%88%86%e9%a1%9e\/\" rel=\"tag\">Ch\u01b0a \u0111\u01b0\u1ee3c ph\u00e2n lo\u1ea1i<\/a><\/div><\/div>\n<\/div>\n<\/div>\n\n\n\n<div style=\"height:30px\" aria-hidden=\"true\" class=\"wp-block-spacer\"><\/div>\n\n<\/li><li class=\"wp-block-post post-1703 post type-post status-publish format-standard hentry category-124847 category-124855\">\n\n<div class=\"wp-block-columns is-layout-flex wp-container-core-columns-is-layout-1a9244c7 wp-block-columns-is-layout-flex\">\n<div class=\"wp-block-column is-vertically-aligned-center is-layout-constrained wp-container-core-column-is-layout-9ec9d9a0 wp-block-column-is-layout-constrained\"><h2 class=\"has-text-align-left wp-block-post-title has-large-font-size\"><a href=\"https:\/\/hardestchoice.org\/vi\/2022\/09\/22\/1703\/\" target=\"_self\" >B\u00e1o c\u00e1o k\u1ebft qu\u1ea3 &quot;M\u1ecdi ng\u01b0\u1eddi \u0111\u1ed1i \u0111\u1ea7u v\u1edbi &lt;l\u1ef1a ch\u1ecdn cu\u1ed1i c\u00f9ng&gt; th\u00e1ng 8 n\u0103m 2022&quot;<\/a><\/h2>\n\n\n<div class=\"wp-block-group post-meta is-nowrap is-layout-flex wp-container-core-group-is-layout-1a9244c7 wp-block-group-is-layout-flex\"><div style=\"font-size:16px;\" class=\"is-style-post-date-icon wp-block-post-date\"><time datetime=\"2022-09-22T11:39:18+09:00\">Ng\u00e0y 22 th\u00e1ng 9 n\u0103m 2022<\/time><\/div>\n\n<div style=\"font-size:16px\" class=\"taxonomy-category is-style-post-category-icon wp-block-post-terms\"><a href=\"https:\/\/hardestchoice.org\/vi\/category\/%e9%81%8e%e5%8e%bb%e3%81%ae\/\" rel=\"tag\">s\u1ef1 ki\u1ec7n<\/a><span class=\"wp-block-post-terms__separator\">, <\/span><a href=\"https:\/\/hardestchoice.org\/vi\/category\/%e7%86%9f%e8%ad%b0\/\" rel=\"tag\">s\u1ef1 c\u00e2n nh\u1eafc<\/a><\/div><\/div>\n<\/div>\n<\/div>\n\n\n\n<div style=\"height:30px\" aria-hidden=\"true\" class=\"wp-block-spacer\"><\/div>\n\n<\/li><li class=\"wp-block-post post-1646 post type-post status-publish format-standard hentry category-124848 category-124847 category-124855\">\n\n<div class=\"wp-block-columns is-layout-flex wp-container-core-columns-is-layout-1a9244c7 wp-block-columns-is-layout-flex\">\n<div class=\"wp-block-column is-vertically-aligned-center is-layout-constrained wp-container-core-column-is-layout-9ec9d9a0 wp-block-column-is-layout-constrained\"><h2 class=\"has-text-align-left wp-block-post-title has-large-font-size\"><a href=\"https:\/\/hardestchoice.org\/vi\/2022\/08\/18\/1646\/\" target=\"_self\" >&lt;K\u1ebft th\u00fac kh\u1ea3o s\u00e1t&gt; \u0110\u1ed1i m\u1eb7t v\u1edbi m\u1ecdi ng\u01b0\u1eddi \u300aL\u1ef1a ch\u1ecdn cu\u1ed1i c\u00f9ng\u300b Th\u00e1ng 8 n\u0103m 2022<\/a><\/h2>\n\n\n<div class=\"wp-block-group post-meta is-nowrap is-layout-flex wp-container-core-group-is-layout-1a9244c7 wp-block-group-is-layout-flex\"><div style=\"font-size:16px;\" class=\"is-style-post-date-icon wp-block-post-date\"><time datetime=\"2022-08-18T22:47:11+09:00\">Ng\u00e0y 18 th\u00e1ng 8 n\u0103m 2022<\/time><\/div>\n\n<div style=\"font-size:16px\" class=\"taxonomy-category is-style-post-category-icon wp-block-post-terms\"><a href=\"https:\/\/hardestchoice.org\/vi\/category\/%e7%8f%be%e5%9c%a8%e6%a4%9c%e8%a8%8e%e4%b8%ad\/\" rel=\"tag\">\u00fd t\u01b0\u1edfng<\/a><span class=\"wp-block-post-terms__separator\">, <\/span><a href=\"https:\/\/hardestchoice.org\/vi\/category\/%e9%81%8e%e5%8e%bb%e3%81%ae\/\" rel=\"tag\">s\u1ef1 ki\u1ec7n<\/a><span class=\"wp-block-post-terms__separator\">, <\/span><a href=\"https:\/\/hardestchoice.org\/vi\/category\/%e7%86%9f%e8%ad%b0\/\" rel=\"tag\">s\u1ef1 c\u00e2n nh\u1eafc<\/a><\/div><\/div>\n<\/div>\n<\/div>\n\n\n\n<div style=\"height:30px\" aria-hidden=\"true\" class=\"wp-block-spacer\"><\/div>\n\n<\/li><li class=\"wp-block-post post-1303 post type-post status-publish format-standard hentry category-124847 category-124854\">\n\n<div class=\"wp-block-columns is-layout-flex wp-container-core-columns-is-layout-1a9244c7 wp-block-columns-is-layout-flex\">\n<div class=\"wp-block-column is-vertically-aligned-center is-layout-constrained wp-container-core-column-is-layout-9ec9d9a0 wp-block-column-is-layout-constrained\"><h2 class=\"has-text-align-left wp-block-post-title has-large-font-size\"><a href=\"https:\/\/hardestchoice.org\/vi\/2022\/05\/27\/1303\/\" target=\"_self\" >M\u1eddi c\u00e1c b\u1ea1n c\u00f9ng \u0111\u1ecdc b\u00e1o c\u00e1o workshop \u201cD\u1ef1 b\u00e1o th\u1eddi ti\u1ebft v\u0169 tr\u1ee5\u201d<\/a><\/h2>\n\n\n<div class=\"wp-block-group post-meta is-nowrap is-layout-flex wp-container-core-group-is-layout-1a9244c7 wp-block-group-is-layout-flex\"><div style=\"font-size:16px;\" class=\"is-style-post-date-icon wp-block-post-date\"><time datetime=\"2022-05-27T16:53:20+09:00\">Ng\u00e0y 27 th\u00e1ng 5 n\u0103m 2022<\/time><\/div>\n\n<div style=\"font-size:16px\" class=\"taxonomy-category is-style-post-category-icon wp-block-post-terms\"><a href=\"https:\/\/hardestchoice.org\/vi\/category\/%e9%81%8e%e5%8e%bb%e3%81%ae\/\" rel=\"tag\">s\u1ef1 ki\u1ec7n<\/a><span class=\"wp-block-post-terms__separator\">, <\/span><a href=\"https:\/\/hardestchoice.org\/vi\/category\/%e4%ba%8b%e4%be%8b%e4%bd%9c%e6%88%90\/\" rel=\"tag\">T\u1ea1o m\u1ed9t nghi\u00ean c\u1ee9u tr\u01b0\u1eddng h\u1ee3p<\/a><\/div><\/div>\n<\/div>\n<\/div>\n\n\n\n<div style=\"height:30px\" aria-hidden=\"true\" class=\"wp-block-spacer\"><\/div>\n\n<\/li><li class=\"wp-block-post post-1122 post type-post status-publish format-standard hentry category-124847 category-124855\">\n\n<div class=\"wp-block-columns is-layout-flex wp-container-core-columns-is-layout-1a9244c7 wp-block-columns-is-layout-flex\">\n<div class=\"wp-block-column is-vertically-aligned-center is-layout-constrained wp-container-core-column-is-layout-9ec9d9a0 wp-block-column-is-layout-constrained\"><h2 class=\"has-text-align-left wp-block-post-title has-large-font-size\"><a href=\"https:\/\/hardestchoice.org\/vi\/2022\/05\/24\/1122\/\" target=\"_self\" >Kh\u1ea3o s\u00e1t th\u00ed \u0111i\u1ec3m v\u1ec1 \u201cs\u1ef1 l\u1ef1a ch\u1ecdn \u0111\u00fang \u0111\u1eafn\u201d trong \u0111\u1ea1i d\u1ecbch virus Corona<\/a><\/h2>\n\n\n<div class=\"wp-block-group post-meta is-nowrap is-layout-flex wp-container-core-group-is-layout-1a9244c7 wp-block-group-is-layout-flex\"><div style=\"font-size:16px;\" class=\"is-style-post-date-icon wp-block-post-date\"><time datetime=\"2022-05-24T17:00:00+09:00\">Ng\u00e0y 24 th\u00e1ng 5 n\u0103m 2022<\/time><\/div>\n\n<div style=\"font-size:16px\" class=\"taxonomy-category is-style-post-category-icon wp-block-post-terms\"><a href=\"https:\/\/hardestchoice.org\/vi\/category\/%e9%81%8e%e5%8e%bb%e3%81%ae\/\" rel=\"tag\">s\u1ef1 ki\u1ec7n<\/a><span class=\"wp-block-post-terms__separator\">, <\/span><a href=\"https:\/\/hardestchoice.org\/vi\/category\/%e7%86%9f%e8%ad%b0\/\" rel=\"tag\">s\u1ef1 c\u00e2n nh\u1eafc<\/a><\/div><\/div>\n<\/div>\n<\/div>\n\n\n\n<div style=\"height:30px\" aria-hidden=\"true\" class=\"wp-block-spacer\"><\/div>\n\n<\/li><li class=\"wp-block-post post-993 post type-post status-publish format-standard hentry category-124847\">\n\n<div class=\"wp-block-columns is-layout-flex wp-container-core-columns-is-layout-1a9244c7 wp-block-columns-is-layout-flex\">\n<div class=\"wp-block-column is-vertically-aligned-center is-layout-constrained wp-container-core-column-is-layout-9ec9d9a0 wp-block-column-is-layout-constrained\"><h2 class=\"has-text-align-left wp-block-post-title has-large-font-size\"><a href=\"https:\/\/hardestchoice.org\/vi\/2020\/01\/11\/993\/\" target=\"_self\" >Nh\u00f3m h\u1ecdc th\u00e1ng 1 n\u0103m 2020<\/a><\/h2>\n\n\n<div class=\"wp-block-group post-meta is-nowrap is-layout-flex wp-container-core-group-is-layout-1a9244c7 wp-block-group-is-layout-flex\"><div style=\"font-size:16px;\" class=\"is-style-post-date-icon wp-block-post-date\"><time datetime=\"2020-01-11T16:20:00+09:00\">Ng\u00e0y 11 th\u00e1ng 1 n\u0103m 2020<\/time><\/div>\n\n<div style=\"font-size:16px\" class=\"taxonomy-category is-style-post-category-icon wp-block-post-terms\"><a href=\"https:\/\/hardestchoice.org\/vi\/category\/%e9%81%8e%e5%8e%bb%e3%81%ae\/\" rel=\"tag\">s\u1ef1 ki\u1ec7n<\/a><\/div><\/div>\n<\/div>\n<\/div>\n\n\n\n<div style=\"height:30px\" aria-hidden=\"true\" class=\"wp-block-spacer\"><\/div>\n\n<\/li><\/ul>\n\n<nav class=\"alignwide wp-block-query-pagination is-layout-flex wp-block-query-pagination-is-layout-flex\" aria-label=\"Ph\u00e2n trang\">\n\n\n<div class=\"wp-block-query-pagination-numbers\"><span aria-current=\"page\" class=\"page-numbers current\">1<\/span>\n<a class=\"page-numbers\" href=\"?query-10-page=2\">2<\/a><\/div>\n\n<a href=\"\/vi\/wp-json\/wp\/v2\/pages\/24?query-10-page=2\" class=\"wp-block-query-pagination-next\">Trang sau<span class='wp-block-query-pagination-next-arrow is-arrow-arrow' aria-hidden='true'>\u2192<\/span><\/a>\n<\/nav><\/div>\n\n\n\n<div style=\"height:60px\" aria-hidden=\"true\" class=\"wp-block-spacer\"><\/div>\n<\/div>","protected":false},"excerpt":{"rendered":"<p>\u73fe\u5728\u7814\u7a76\u4e2d\u306e\u30c6\u30fc\u30de\u3084\u30a2\u30a4\u30c7\u30a2\u3001\u52df\u96c6\u4e2d\u306e\u8abf\u67fb\u3001\u904e\u53bb\u306e\u30a4\u30d9\u30f3\u30c8\u3067\u516c\u958b\u3057\u305f\u30dd\u30b9\u30bf\u30fc\u7b49\u3092\u3054\u89a7\u3044\u305f\u3060\u3051\u307e\u3059\u3002 \u203b\u3054\u56de\u7b54\u3044 [&hellip;]<\/p>\n","protected":false},"author":136335720,"featured_media":0,"parent":0,"menu_order":0,"comment_status":"closed","ping_status":"closed","template":"","meta":{"_crdt_document":"","advanced_seo_description":"","jetpack_seo_html_title":"","jetpack_seo_noindex":false,"footnotes":""},"class_list":["post-24","page","type-page","status-publish","hentry"],"jetpack_likes_enabled":true,"jetpack_sharing_enabled":true,"jetpack_shortlink":"https:\/\/wp.me\/PdK9kd-o","jetpack-related-posts":[],"amp_enabled":true,"_links":{"self":[{"href":"https:\/\/hardestchoice.org\/vi\/wp-json\/wp\/v2\/pages\/24","targetHints":{"allow":["GET"]}}],"collection":[{"href":"https:\/\/hardestchoice.org\/vi\/wp-json\/wp\/v2\/pages"}],"about":[{"href":"https:\/\/hardestchoice.org\/vi\/wp-json\/wp\/v2\/types\/page"}],"author":[{"embeddable":true,"href":"https:\/\/hardestchoice.org\/vi\/wp-json\/wp\/v2\/users\/136335720"}],"replies":[{"embeddable":true,"href":"https:\/\/hardestchoice.org\/vi\/wp-json\/wp\/v2\/comments?post=24"}],"version-history":[{"count":23,"href":"https:\/\/hardestchoice.org\/vi\/wp-json\/wp\/v2\/pages\/24\/revisions"}],"predecessor-version":[{"id":1644,"href":"https:\/\/hardestchoice.org\/vi\/wp-json\/wp\/v2\/pages\/24\/revisions\/1644"}],"wp:attachment":[{"href":"https:\/\/hardestchoice.org\/vi\/wp-json\/wp\/v2\/media?parent=24"}],"curies":[{"name":"trang web","href":"https:\/\/api.w.org\/{rel}","templated":true}]}}