{"id":29,"date":"2022-03-02T12:17:16","date_gmt":"2022-03-02T03:17:16","guid":{"rendered":"https:\/\/hardestchoice.org\/?page_id=29"},"modified":"2022-10-07T20:43:23","modified_gmt":"2022-10-07T11:43:23","slug":"contactus","status":"publish","type":"page","link":"https:\/\/hardestchoice.org\/vi\/contactus\/","title":{"rendered":"H\u1eceI \u0110\u00c1P \/ LI\u00caN H\u1ec6"},"content":{"rendered":"<hr class=\"wp-block-separator has-alpha-channel-opacity is-style-wide\"\/>\n\n\n\n<div class=\"wp-block-group is-layout-flow wp-block-group-is-layout-flow\">\n<h2 class=\"wp-block-heading\">C\u00e2u h\u1ecfi th\u01b0\u1eddng g\u1eb7p<\/h2>\n\n\n\n<h4 class=\"wp-block-heading\">Q: Hi\u1ec7n t\u1ea1i ch\u00fang t\u00f4i \u0111ang chu\u1ea9n b\u1ecb.<\/h4>\n\n\n\n<p class=\"wp-block-paragraph\">A: Ch\u00fang t\u00f4i \u0111ang chu\u1ea9n b\u1ecb m\u1ed9t c\u00e2u tr\u1ea3 l\u1eddi.<\/p>\n\n\n\n<div class=\"wp-block-columns is-layout-flex wp-container-core-columns-is-layout-1a9244c7 wp-block-columns-is-layout-flex\">\n<div class=\"wp-block-column is-layout-flow wp-block-column-is-layout-flow\" style=\"flex-basis:100%\">\n<hr class=\"wp-block-separator has-alpha-channel-opacity is-style-wide\"\/>\n<\/div>\n<\/div>\n\n\n\n<p class=\"wp-block-paragraph\"><\/p>\n\n\n\n<h3 class=\"wp-block-heading\">V\u1ec1 ch\u1ee7 \u0111\u1ec1 &quot;S\u1ef1 L\u1ef1a Ch\u1ecdn Cu\u1ed1i C\u00f9ng&quot;<\/h3>\n\n\n\n<p class=\"wp-block-paragraph\">Ch\u1ee7 \u0111\u1ec1 n\u00e0y gi\u1ea3i quy\u1ebft c\u00e1c v\u1ea5n \u0111\u1ec1 m\u00e0 sinh vi\u00ean th\u1ef1c s\u1ef1 ph\u1ea3i \u0111\u1ed1i m\u1eb7t ho\u1eb7c s\u1ebd ph\u1ea3i \u0111\u1ed1i m\u1eb7t trong vi\u1ec7c th\u00fac \u0111\u1ea9y nghi\u00ean c\u1ee9u v\u00e0 th\u1ef1c h\u00e0nh c\u1ee7a h\u1ecd. Nh\u1eefng c\u00e2u h\u1ecfi \u0111\u01b0\u1ee3c cho l\u00e0 c\u1ef1c kh\u00f3 thu\u1ed9c nhi\u1ec1u l\u0129nh v\u1ef1c \u0111\u01b0\u1ee3c \u0111\u01b0a ra l\u00e0m \u201cl\u1ef1a ch\u1ecdn cu\u1ed1i c\u00f9ng\u201d.<br>Tuy nhi\u00ean, c\u00f3 m\u1ed9t s\u1ed1 v\u1ea5n \u0111\u1ec1 kh\u00f4ng n\u00ean \u0111\u01b0\u1ee3c chia s\u1ebb b\u1edfi to\u00e0n x\u00e3 h\u1ed9i, ngay c\u1ea3 khi ch\u00fang ta coi ch\u00fang l\u00e0 nh\u1eefng v\u1ea5n \u0111\u1ec1 trong l\u0129nh v\u1ef1c n\u00e0y. M\u1eb7t kh\u00e1c, c\u0169ng c\u00f3 nh\u1eefng v\u1ea5n \u0111\u1ec1 c\u1ea7n \u0111\u01b0\u1ee3c x\u00e3 h\u1ed9i chia s\u1ebb, x\u00e3 h\u1ed9i c\u1ea7n hi\u1ec3u s\u00e2u s\u1eafc h\u01a1n. H\u01a1n n\u1eefa, ngay c\u1ea3 trong x\u00e3 h\u1ed9i, c\u00f3 nh\u1eefng ng\u01b0\u1eddi cho r\u1eb1ng \u0111\u00f3 l\u00e0 m\u1ed9t v\u1ea5n \u0111\u1ec1, v\u00e0 c\u00f3 nh\u1eefng ng\u01b0\u1eddi cho r\u1eb1ng \u0111\u00f3 kh\u00f4ng ph\u1ea3i l\u00e0 v\u1ea5n \u0111\u1ec1.<br>T\u00f9y thu\u1ed9c v\u00e0o c\u00e1ch b\u1ea1n \u0111\u1eb7t c\u00e2u h\u1ecfi, m\u1ecdi ng\u01b0\u1eddi s\u1ebd tr\u1ea3 l\u1eddi kh\u00e1c nhau. V\u00ed d\u1ee5, khi h\u1ecfi v\u1ec1 v\u1ea5n \u0111\u1ec1 ng\u01b0\u1eddi t\u1ecb n\u1ea1n, n\u1ebfu ho\u00e0n c\u1ea3nh kh\u00f3 kh\u0103n c\u1ee7a ng\u01b0\u1eddi t\u1ecb n\u1ea1n \u0111\u01b0\u1ee3c nh\u1ea5n m\u1ea1nh tr\u01b0\u1edbc, h\u1ecd s\u1ebd c\u00f3 xu h\u01b0\u1edbng c\u1ee9u ng\u01b0\u1eddi t\u1ecb n\u1ea1n.<br>Ch\u00fang t\u00f4i v\u1eabn \u0111ang c\u1ed1 g\u1eafng t\u00ecm ra c\u00e1ch th\u00edch h\u1ee3p \u0111\u1ec3 \u0111\u1eb7t nh\u1eefng c\u00e2u h\u1ecfi n\u00e0y trong giai \u0111o\u1ea1n th\u1eed nghi\u1ec7m n\u00e0y.<\/p>\n<\/div>\n\n\n\n<hr class=\"wp-block-separator has-alpha-channel-opacity is-style-wide\"\/>\n\n\n\n<h2 class=\"wp-block-heading\">Th\u00f4ng tin li\u00ean l\u1ea1c<\/h2>\n\n\n\n<p class=\"wp-block-paragraph\">Vui l\u00f2ng s\u1eed d\u1ee5ng th\u00f4ng tin sau \u0111\u1ec3 li\u00ean h\u1ec7 v\u1edbi Ultimate Choice Study Group.<\/p>\n\n\n\n<p class=\"wp-block-paragraph\">N\u1ebfu b\u1ea1n c\u00f3 b\u1ea5t k\u1ef3 \u00fd ki\u1ebfn g\u00ec v\u1ec1 ch\u1ee7 \u0111\u1ec1 n\u00e0y c\u1ee7a &quot;S\u1ef1 l\u1ef1a ch\u1ecdn t\u1ed1i th\u01b0\u1ee3ng&quot;, xin vui l\u00f2ng vi\u1ebft b\u1ea5t c\u1ee9 \u0111i\u1ec1u g\u00ec.<\/p>\n\n\n\n<p class=\"wp-block-paragraph\"><\/p>\n\n\n<div class=\"wp-block-jetpack-contact-form is-layout-flex wp-container-jetpack-contact-form-is-layout-2cb9499c wp-block-jetpack-contact-form-is-layout-flex\"><a href=\"https:\/\/hardestchoice.org\/vi\/contactus\/\" target=\"_blank\" rel=\"noopener noreferrer\">G\u1eedi bi\u1ec3u m\u1eabu.<\/a><\/div>\n\n\n<p class=\"wp-block-paragraph\"><\/p>\n\n\n\n<div style=\"height:100px\" aria-hidden=\"true\" class=\"wp-block-spacer\"><\/div>","protected":false},"excerpt":{"rendered":"<p>\u3088\u304f\u3042\u308b\u3054\u8cea\u554f Q: \u53ea\u4eca\u6e96\u5099\u4e2d\u3067\u3059\u3002 A: \u56de\u7b54\u3092\u6e96\u5099\u3057\u3066\u304a\u308a\u307e\u3059\u3002 \u300a\u7a76\u6975\u306e\u9078\u629e\u300b\u3068\u3044\u3046\u30c6\u30fc\u30de\u306b\u3064\u3044\u3066 \u3053 [&hellip;]<\/p>\n","protected":false},"author":136335720,"featured_media":0,"parent":0,"menu_order":0,"comment_status":"closed","ping_status":"closed","template":"","meta":{"_crdt_document":"","advanced_seo_description":"","jetpack_seo_html_title":"","jetpack_seo_noindex":false,"jetpack_post_was_ever_published":false,"footnotes":""},"class_list":["post-29","page","type-page","status-publish","hentry"],"jetpack_likes_enabled":true,"jetpack_sharing_enabled":true,"jetpack_shortlink":"https:\/\/wp.me\/PdK9kd-t","jetpack-related-posts":[],"amp_enabled":true,"_links":{"self":[{"href":"https:\/\/hardestchoice.org\/vi\/wp-json\/wp\/v2\/pages\/29","targetHints":{"allow":["GET"]}}],"collection":[{"href":"https:\/\/hardestchoice.org\/vi\/wp-json\/wp\/v2\/pages"}],"about":[{"href":"https:\/\/hardestchoice.org\/vi\/wp-json\/wp\/v2\/types\/page"}],"author":[{"embeddable":true,"href":"https:\/\/hardestchoice.org\/vi\/wp-json\/wp\/v2\/users\/136335720"}],"replies":[{"embeddable":true,"href":"https:\/\/hardestchoice.org\/vi\/wp-json\/wp\/v2\/comments?post=29"}],"version-history":[{"count":34,"href":"https:\/\/hardestchoice.org\/vi\/wp-json\/wp\/v2\/pages\/29\/revisions"}],"predecessor-version":[{"id":1755,"href":"https:\/\/hardestchoice.org\/vi\/wp-json\/wp\/v2\/pages\/29\/revisions\/1755"}],"wp:attachment":[{"href":"https:\/\/hardestchoice.org\/vi\/wp-json\/wp\/v2\/media?parent=29"}],"curies":[{"name":"trang web","href":"https:\/\/api.w.org\/{rel}","templated":true}]}}